{"id":312,"date":"2023-04-30T12:31:26","date_gmt":"2023-04-30T12:31:26","guid":{"rendered":"http:\/\/www.dentbircanturkey.com\/?page_id=312"},"modified":"2023-05-19T11:43:18","modified_gmt":"2023-05-19T11:43:18","slug":"rontgen-gonder","status":"publish","type":"page","link":"https:\/\/www.dentbircanturkey.com\/?page_id=312","title":{"rendered":"R\u00f6ntgen G\u00f6nder"},"content":{"rendered":"  <div id=\"page-header-1325869406\" class=\"page-header-wrapper\">\n  <div class=\"page-title dark featured-title\">\n\n    \n    <div class=\"page-title-inner container align-center flex-row medium-flex-wrap\" >\n              <div class=\"title-wrapper flex-col text-left medium-text-center\">\n          <h1 class=\"entry-title mb-0\">\n            R\u00f6ntgen G\u00f6nder          <\/h1>\n        <\/div>\n                    <div class=\"title-content flex-col flex-right text-right medium-text-center\">\n              <\/div>\n    <\/div>\n\n       <\/div>\n    <\/div>\n  \n\t<section class=\"section\" id=\"section_252138925\">\n\t\t<div class=\"bg section-bg fill bg-fill  bg-loaded\" >\n\n\t\t\t\n\t\t\t\n\t\t\t\n\n\t\t<\/div>\n\n\t\t\n\n\t\t<div class=\"section-content relative\">\n\t\t\t\n\t<div id=\"gap-1272302414\" class=\"gap-element clearfix\" style=\"display:block; height:auto;\">\n\t\t\n<style>\n#gap-1272302414 {\n  padding-top: 30px;\n}\n<\/style>\n\t<\/div>\n\t\n<div class=\"row row-small\"  id=\"row-1000361624\">\n\n\t<div id=\"col-537904964\" class=\"col medium-6 small-12 large-6\"  >\n\t\t\t\t<div class=\"col-inner\"  >\n\t\t\t\n\t\t\t\n<div class=\"row\"  id=\"row-1051868726\">\n\n\t<div id=\"col-684772132\" class=\"col small-12 large-12\"  >\n\t\t\t\t<div class=\"col-inner box-shadow-2\" style=\"background-color:#43a3aa;\" >\n\t\t\t\n\t\t\t\n\n  <div class=\"banner has-hover\" id=\"banner-2058647570\">\n          <div class=\"banner-inner fill\">\n        <div class=\"banner-bg fill\" >\n            <div class=\"bg fill bg-fill \"><\/div>\n                                    \n                    <\/div>\n\t\t\n        <div class=\"banner-layers container\">\n            <div class=\"fill banner-link\"><\/div>            \n        <\/div>\n      <\/div>\n\n            \n<style>\n#banner-2058647570 {\n  padding-top: 300px;\n  background-color: rgb(255,255,255);\n}\n#banner-2058647570 .bg.bg-loaded {\n  background-image: url(https:\/\/www.dentbircanturkey.com\/wp-content\/uploads\/2023\/04\/dentist-analyzes-x-ray-photo-1024x683.jpg);\n}\n#banner-2058647570 .ux-shape-divider--top svg {\n  height: 150px;\n  --divider-top-width: 100%;\n}\n#banner-2058647570 .ux-shape-divider--bottom svg {\n  height: 150px;\n  --divider-width: 100%;\n}\n<\/style>\n  <\/div>\n\n\n\t\t<\/div>\n\t\t\t\t\n<style>\n#col-684772132 > .col-inner {\n  padding: 3px 3px 3px 3px;\n}\n<\/style>\n\t<\/div>\n\n\t\n<\/div>\n<h2><span style=\"color: #000000;\">Bize R\u00f6ntgen G\u00f6nderin<\/span><\/h2>\n<p>Bize di\u015flerinizin durumunu daha iyi de\u011ferlendirebilmemiz i\u00e7in l\u00fctfen di\u015f r\u00f6ntgenlerinizi g\u00f6nderin. Akl\u0131n\u0131za tak\u0131lan her t\u00fcrl\u00fc detay i\u00e7in do\u011frudan ula\u015fabilirsiniz.<\/p>\n<a href=\"https:\/\/www.dentbircanturkey.com\/iletisim\/\" target=\"_self\" class=\"button primary is-outline\"  style=\"border-radius:10px;\">\n    <span>\u0130leti\u015fim<\/span>\n  <i class=\"icon-angle-right\" aria-hidden=\"true\" ><\/i><\/a>\n\n\t\t<\/div>\n\t\t\t\t\n<style>\n#col-537904964 > .col-inner {\n  padding: 0px 0px 0px 0px;\n}\n<\/style>\n\t<\/div>\n\n\t\n\n\t<div id=\"col-61589802\" class=\"col medium-6 small-12 large-6\"  >\n\t\t\t\t<div class=\"col-inner box-shadow-2\" style=\"background-color:rgb(243, 243, 243);\" >\n\t\t\t\n\t\t\t\n<h2><span style=\"color: #43a3aa;\">R\u00f6ntgen G\u00f6nderme Formu<\/span><\/h2>\n<div class=\"is-divider divider clearfix\" style=\"max-width:100%;\"><\/div>\n\n<div class=\"wpcf7 no-js\" id=\"wpcf7-f320-o1\" lang=\"tr-TR\" dir=\"ltr\">\n<div class=\"screen-reader-response\"><p role=\"status\" aria-live=\"polite\" aria-atomic=\"true\"><\/p> <ul><\/ul><\/div>\n<form action=\"\/index.php?rest_route=%2Fwp%2Fv2%2Fpages%2F312#wpcf7-f320-o1\" method=\"post\" class=\"wpcf7-form init\" aria-label=\"Contact form\" enctype=\"multipart\/form-data\" novalidate=\"novalidate\" data-status=\"init\">\n<div style=\"display: none;\">\n<input type=\"hidden\" name=\"_wpcf7\" value=\"320\" \/>\n<input type=\"hidden\" name=\"_wpcf7_version\" value=\"5.7.6\" \/>\n<input type=\"hidden\" name=\"_wpcf7_locale\" value=\"tr_TR\" \/>\n<input type=\"hidden\" name=\"_wpcf7_unit_tag\" value=\"wpcf7-f320-o1\" \/>\n<input type=\"hidden\" name=\"_wpcf7_container_post\" value=\"0\" \/>\n<input type=\"hidden\" name=\"_wpcf7_posted_data_hash\" value=\"\" \/>\n<\/div>\n<p><label> \u0130sim \/ Soyisim<br \/>\n<span class=\"wpcf7-form-control-wrap\" data-name=\"your-name\"><input size=\"40\" class=\"wpcf7-form-control wpcf7-text wpcf7-validates-as-required\" aria-required=\"true\" aria-invalid=\"false\" value=\"\" type=\"text\" name=\"your-name\" \/><\/span> <\/label>\n<\/p>\n<p><label> E-posta adresiniz<br \/>\n<span class=\"wpcf7-form-control-wrap\" data-name=\"your-email\"><input size=\"40\" class=\"wpcf7-form-control wpcf7-text wpcf7-email wpcf7-validates-as-required wpcf7-validates-as-email\" aria-required=\"true\" aria-invalid=\"false\" value=\"\" type=\"email\" name=\"your-email\" \/><\/span> <\/label>\n<\/p>\n<p><label> Telefon numaran\u0131z<br \/>\n<span class=\"wpcf7-form-control-wrap\" data-name=\"tel-162\"><input size=\"40\" class=\"wpcf7-form-control wpcf7-text wpcf7-tel wpcf7-validates-as-tel\" aria-invalid=\"false\" value=\"\" type=\"tel\" name=\"tel-162\" \/><\/span> <\/label>\n<\/p>\n<p><label> Konu<br \/>\n<span class=\"wpcf7-form-control-wrap\" data-name=\"your-subject\"><input size=\"40\" class=\"wpcf7-form-control wpcf7-text wpcf7-validates-as-required\" aria-required=\"true\" aria-invalid=\"false\" value=\"\" type=\"text\" name=\"your-subject\" \/><\/span> <\/label>\n<\/p>\n<p><label> Dosya G\u00f6nderebilirsiniz (png, jpg, jpeg, pdf)<br \/>\n<div id=\"mfcf7_zl_multifilecontainer\"><span class=\"mfcf7-zl-multiline-sample\" style=\"display:none\"><p class=\"wpcf7-form-control-wrap multilinefile-560\"><input size=\"40\" class=\"wpcf7-form-control wpcf7-multilinefile\" multiple=\"multiple\" value=\"Dosya Se\u00e7\" aria-invalid=\"false\" type=\"file\" name=\"multilinefile-560[]\" \/> <span class=\"mfcf7-zl-multifile-name\"><\/span><a href=\"javascript:void(0);\" class=\"mfcf7_zl_delete_file\"><span class=\"delete-file\" aria-hidden=\"true\">&#x274C;<\/span><\/a><\/p><\/span><\/div><span class=\"wpcf7-form-control-wrap zl-form-control-wrap multilinefile-560\"><input size=\"40\" class=\"wpcf7-form-control wpcf7-multilinefile\" multiple=\"multiple\" value=\"Dosya Se\u00e7\" aria-invalid=\"false\" type=\"file\" name=\"multilinefile-560[]\" \/> <span class=\"mfcf7-zl-multifile-name\"><\/span><a href=\"javascript:void(0);\" class=\"mfcf7_zl_delete_file\"><span class=\"delete-file\" aria-hidden=\"true\">&#x274C;<\/span><\/a><\/span><p><label><span class=\"wpcf7-form-control-wrap\" data-name=\"multilinefile-560-zl-mfcf7-upld-btn\"><input type=\"button\" name=\"multilinefile-560-zl-mfcf7-upld-btn\" class=\"button button-primary qbutton\" id=\"mfcf7_zl_add_file\" value=\"Dosya Se\u00e7\"><\/span><\/label><\/p><\/label>\n<\/p>\n<p><label> \u0130letiniz<br \/>\n<span class=\"wpcf7-form-control-wrap\" data-name=\"your-message\"><textarea cols=\"40\" rows=\"10\" class=\"wpcf7-form-control wpcf7-textarea\" aria-invalid=\"false\" name=\"your-message\"><\/textarea><\/span> <\/label>\n<\/p>\n<p><input class=\"wpcf7-form-control has-spinner wpcf7-submit\" type=\"submit\" value=\"G\u00f6nder\" \/>\n<\/p><div class=\"wpcf7-response-output\" aria-hidden=\"true\"><\/div>\n<\/form>\n<\/div>\n\n\t\t<\/div>\n\t\t\t\t\n<style>\n#col-61589802 > .col-inner {\n  padding: 20px 20px 0px 20px;\n  border-radius: 10px;\n}\n<\/style>\n\t<\/div>\n\n\t\n<\/div>\n\t\t<\/div>\n\n\t\t\n<style>\n#section_252138925 {\n  padding-top: 0px;\n  padding-bottom: 0px;\n}\n#section_252138925 .ux-shape-divider--top svg {\n  height: 150px;\n  --divider-top-width: 100%;\n}\n#section_252138925 .ux-shape-divider--bottom svg {\n  height: 150px;\n  --divider-width: 100%;\n}\n<\/style>\n\t<\/section>\n\t\n\t<section class=\"section dark\" id=\"section_1888160676\">\n\t\t<div class=\"bg section-bg fill bg-fill  bg-loaded\" >\n\n\t\t\t\n\t\t\t\n\t\t\t\n\n\t\t<\/div>\n\n\t\t\n\n\t\t<div class=\"section-content relative\">\n\t\t\t\n<div class=\"is-divider divider clearfix\" style=\"max-width:100%;background-color:rgb(26, 56, 113);\"><\/div>\n\t<div id=\"gap-1105325773\" class=\"gap-element clearfix hide-for-medium\" style=\"display:block; height:auto;\">\n\t\t\n<style>\n#gap-1105325773 {\n  padding-top: 30px;\n}\n<\/style>\n\t<\/div>\n\t\n\t<div id=\"gap-1574559049\" class=\"gap-element clearfix\" style=\"display:block; height:auto;\">\n\t\t\n<style>\n#gap-1574559049 {\n  padding-top: 30px;\n}\n<\/style>\n\t<\/div>\n\t\n<div class=\"row\"  id=\"row-678471474\">\n\n\t<div id=\"col-22482687\" class=\"col medium-12 small-12 large-4\"  >\n\t\t\t\t<div class=\"col-inner text-center\"  >\n\t\t\t\n\t\t\t\n<div class=\"row row-small\"  id=\"row-577288703\">\n\n\t<div id=\"col-570288787\" class=\"col medium-6 small-6 large-6\"  data-animate=\"flipInY\">\n\t\t\t\t<div class=\"col-inner text-right\"  >\n\t\t\t\n\t\t\t\n\t<div class=\"img has-hover x md-x lg-x y md-y lg-y\" id=\"image_397580243\">\n\t\t\t\t\t\t\t\t<div class=\"img-inner dark\" >\n\t\t\t<img loading=\"lazy\" decoding=\"async\" width=\"900\" height=\"900\" src=\"https:\/\/www.dentbircanturkey.com\/wp-content\/uploads\/2023\/04\/20200316220122Saglikbakanligi_logo.png\" class=\"attachment-large size-large\" alt=\"\" srcset=\"https:\/\/www.dentbircanturkey.com\/wp-content\/uploads\/2023\/04\/20200316220122Saglikbakanligi_logo.png 900w, https:\/\/www.dentbircanturkey.com\/wp-content\/uploads\/2023\/04\/20200316220122Saglikbakanligi_logo-300x300.png 300w, https:\/\/www.dentbircanturkey.com\/wp-content\/uploads\/2023\/04\/20200316220122Saglikbakanligi_logo-150x150.png 150w, https:\/\/www.dentbircanturkey.com\/wp-content\/uploads\/2023\/04\/20200316220122Saglikbakanligi_logo-768x768.png 768w\" sizes=\"auto, (max-width: 900px) 100vw, 900px\" \/>\t\t\t\t\t\t\n\t\t\t\t\t<\/div>\n\t\t\t\t\t\t\t\t\n<style>\n#image_397580243 {\n  width: 60%;\n}\n@media (min-width:550px) {\n  #image_397580243 {\n    width: 50%;\n  }\n}\n<\/style>\n\t<\/div>\n\t\n\t\t<\/div>\n\t\t\t\t\t<\/div>\n\n\t\n\n\t<div id=\"col-1661492743\" class=\"col medium-6 small-6 large-6\"  data-animate=\"flipInY\">\n\t\t\t\t<div class=\"col-inner\"  >\n\t\t\t\n\t\t\t\n\t<div class=\"img has-hover x md-x lg-x y md-y lg-y\" id=\"image_449300126\">\n\t\t\t\t\t\t\t\t<div class=\"img-inner dark\" >\n\t\t\t<img loading=\"lazy\" decoding=\"async\" width=\"371\" height=\"380\" src=\"https:\/\/www.dentbircanturkey.com\/wp-content\/uploads\/2023\/04\/Screenshot_4-removebg-preview.png\" class=\"attachment-large size-large\" alt=\"\" srcset=\"https:\/\/www.dentbircanturkey.com\/wp-content\/uploads\/2023\/04\/Screenshot_4-removebg-preview.png 371w, https:\/\/www.dentbircanturkey.com\/wp-content\/uploads\/2023\/04\/Screenshot_4-removebg-preview-293x300.png 293w\" sizes=\"auto, (max-width: 371px) 100vw, 371px\" \/>\t\t\t\t\t\t\n\t\t\t\t\t<\/div>\n\t\t\t\t\t\t\t\t\n<style>\n#image_449300126 {\n  width: 60%;\n}\n@media (min-width:550px) {\n  #image_449300126 {\n    width: 52%;\n  }\n}\n<\/style>\n\t<\/div>\n\t\n\t\t<\/div>\n\t\t\t\t\t<\/div>\n\n\t\n<\/div>\n\t<div id=\"gap-958093765\" class=\"gap-element clearfix\" style=\"display:block; height:auto;\">\n\t\t\n<style>\n#gap-958093765 {\n  padding-top: 10px;\n}\n<\/style>\n\t<\/div>\n\t\n\t<div id=\"text-1152637022\" class=\"text\">\n\t\t\n<p>Narl\u0131, Mithatpa\u015fa Cd. No: 224\/A, 35320 Narl\u0131dere\/\u0130zmir<\/p>\n\t\t\n<style>\n#text-1152637022 {\n  text-align: center;\n  color: rgb(0,0,0);\n}\n#text-1152637022 > * {\n  color: rgb(0,0,0);\n}\n<\/style>\n\t<\/div>\n\t\n<a href=\"tel:+90%20552%20883%2055%2066\" target=\"_self\" class=\"button primary is-outline is-small\"  >\n  <i class=\"icon-phone\" aria-hidden=\"true\" ><\/i>  <span>Hemen Ara<\/span>\n  <\/a>\n\n<a href=\"mailto:info@dentbircanturkey.com\" target=\"_self\" class=\"button primary is-outline is-small\"  >\n  <i class=\"icon-envelop\" aria-hidden=\"true\" ><\/i>  <span>E-posta G\u00f6nder<\/span>\n  <\/a>\n\n\t\t<\/div>\n\t\t\t\t\t<\/div>\n\n\t\n\n\t<div id=\"col-1498286154\" class=\"col medium-12 small-12 large-8\"  >\n\t\t\t\t<div class=\"col-inner\"  >\n\t\t\t\n\t\t\t\n<div class=\"row row-small\"  id=\"row-363052504\">\n\n\t<div id=\"col-1367411891\" class=\"col medium-4 small-12 large-4\"  >\n\t\t\t\t<div class=\"col-inner\"  >\n\t\t\t\n\t\t\t\n\t<div id=\"text-4003022677\" class=\"text\">\n\t\t\n<h4>Hizmetler<\/h4>\n<ul>\n<li class=\"bullet-arrow\"><span style=\"font-size: 90%;\"><a href=\"https:\/\/www.dentbircanturkey.com\/hizmetler\/#bleaching\">Bleaching<\/a><\/span><\/li>\n<li class=\"bullet-arrow\"><span style=\"font-size: 90%;\"><a href=\"https:\/\/www.dentbircanturkey.com\/hizmetler\/#implant\">Implant<\/a><\/span><\/li>\n<li class=\"bullet-arrow\"><span style=\"font-size: 90%;\"><a href=\"https:\/\/www.dentbircanturkey.com\/hizmetler\/#endodonti\">Endodonti<\/a><\/span><\/li>\n<li class=\"bullet-arrow\"><span style=\"font-size: 90%;\"><a href=\"https:\/\/www.dentbircanturkey.com\/hizmetler\/#zirkonyum\">Zirkonyum Kaplama<\/a><\/span><\/li>\n<li class=\"bullet-arrow\"><span style=\"font-size: 90%;\"><a href=\"https:\/\/www.dentbircanturkey.com\/hizmetler\/#dijital\">Dijital Di\u015f Hekimli\u011fi<\/a><\/span><\/li>\n<li class=\"bullet-arrow\"><span style=\"font-size: 90%;\"><a href=\"https:\/\/www.dentbircanturkey.com\/hizmetler\/#ortodonti\">Ortodonti<\/a><\/span><\/li>\n<li class=\"bullet-arrow\"><span style=\"font-size: 90%;\"><a href=\"https:\/\/www.dentbircanturkey.com\/hizmetler\/#\u00e7ene\">\u00c7ene Cerrahisi<\/a><\/span><\/li>\n<li class=\"bullet-arrow\"><span style=\"font-size: 90%;\"><a href=\"https:\/\/www.dentbircanturkey.com\/hizmetler\/#g\u00fcl\u00fc\u015f\">G\u00fcl\u00fc\u015f Tasar\u0131m\u0131<\/a><\/span><\/li>\n<\/ul>\n\t\t\n<style>\n#text-4003022677 {\n  color: rgb(0,0,0);\n}\n#text-4003022677 > * {\n  color: rgb(0,0,0);\n}\n<\/style>\n\t<\/div>\n\t\n\t\t<\/div>\n\t\t\t\t\t<\/div>\n\n\t\n\n\t<div id=\"col-1797484668\" class=\"col medium-4 small-12 large-4\"  >\n\t\t\t\t<div class=\"col-inner\"  >\n\t\t\t\n\t\t\t\n\t<div id=\"text-673746719\" class=\"text\">\n\t\t\n<h4>H\u0131zl\u0131 Men\u00fc<\/h4>\n<ul>\n<li class=\"bullet-arrow\"><span style=\"font-size: 90%;\"><a href=\"https:\/\/www.dentbircanturkey.com\/\">Anasayfa<\/a><\/span><\/li>\n<li class=\"bullet-arrow\"><span style=\"font-size: 90%;\"><a href=\"https:\/\/www.dentbircanturkey.com\/doktorlarimiz\/\">Doktorlar\u0131m\u0131z<\/a><\/span><\/li>\n<li class=\"bullet-arrow\"><span style=\"font-size: 90%;\"><a href=\"https:\/\/www.dentbircanturkey.com\/hizmetler\/\">T\u00fcm Hizmetler<\/a><\/span><\/li>\n<li class=\"bullet-arrow\"><span style=\"font-size: 90%;\"><a href=\"https:\/\/www.dentbircanturkey.com\/izmiri-kesfet\/\">\u0130zmir&#8217;i Ke\u015ffet<\/a><\/span><\/li>\n<li class=\"bullet-arrow\"><span style=\"font-size: 90%;\"><a href=\"https:\/\/www.dentbircanturkey.com\/rontgen-gonder\/\">R\u00f6ntgen G\u00f6nder<\/a><\/span><\/li>\n<li class=\"bullet-arrow\"><span style=\"font-size: 90%;\"><a href=\"https:\/\/www.dentbircanturkey.com\/iletisim\/\">\u0130leti\u015fim<\/a><\/span><\/li>\n<\/ul>\n\t\t\n<style>\n#text-673746719 {\n  color: rgb(0,0,0);\n}\n#text-673746719 > * {\n  color: rgb(0,0,0);\n}\n<\/style>\n\t<\/div>\n\t\n\t\t<\/div>\n\t\t\t\t\t<\/div>\n\n\t\n\n\t<div id=\"col-691704253\" class=\"col medium-4 small-12 large-4\"  >\n\t\t\t\t<div class=\"col-inner\"  >\n\t\t\t\n\t\t\t\n\t<div id=\"text-1125557051\" class=\"text\">\n\t\t\n<h4>Yasal Sayfalar<\/h4>\n<ul>\n<li class=\"bullet-arrow\"><span style=\"font-size: 90%;\"><a href=\"https:\/\/www.dentbircanturkey.com\/aydinlatma-metni\/\">Ayd\u0131nlatma Metni<\/a><\/span><\/li>\n<li class=\"bullet-arrow\"><span style=\"font-size: 90%;\"><a href=\"https:\/\/www.dentbircanturkey.com\/kisisel-veri-isleme-ve-koruma\/\">Ki\u015fisel Veri \u0130\u015fleme ve Koruma<\/a><\/span><\/li>\n<li class=\"bullet-arrow\"><span style=\"font-size: 90%;\"><a href=\"https:\/\/www.dentbircanturkey.com\/kisisel-veri-saklama-ve-imha\/\">Ki\u015fisel Veri Saklama ve \u0130mha<\/a><\/span><\/li>\n<li class=\"bullet-arrow\"><span style=\"font-size: 90%;\"><a href=\"https:\/\/www.dentbircanturkey.com\/gizlilik-ve-cerez-politikasi\/\">Gizlilik ve \u00c7erez Politikas\u0131<\/a><\/span><\/li>\n<li class=\"bullet-arrow\"><span style=\"font-size: 90%;\"><a href=\"https:\/\/www.dentbircanturkey.com\/basvuru-formu\/\">Ba\u015fvuru Formu<\/a><\/span><\/li>\n<\/ul>\n\t\t\n<style>\n#text-1125557051 {\n  color: rgb(0,0,0);\n}\n#text-1125557051 > * {\n  color: rgb(0,0,0);\n}\n<\/style>\n\t<\/div>\n\t\n\t\t<\/div>\n\t\t\t\t\t<\/div>\n\n\t\n<\/div>\n\t\t<\/div>\n\t\t\t\t\t<\/div>\n\n\t\n<\/div>\n<div class=\"row\"  id=\"row-458170622\">\n\n\t<div id=\"col-75617072\" class=\"col small-12 large-12\"  >\n\t\t\t\t<div class=\"col-inner\"  >\n\t\t\t\n\t\t\t\n<p style=\"text-align: center;\"><span style=\"font-size: 75%; color: #000000;\">T\u00fcm Haklar\u0131 Sakl\u0131d\u0131r. | <a href=\"https:\/\/www.webreta.com.tr\/\"><img loading=\"lazy\" decoding=\"async\" class=\"alignnone  wp-image-358\" src=\"https:\/\/www.dentbircanturkey.com\/wp-content\/uploads\/2023\/04\/Calisma-Yuzeyi-1-kopya-19-300x199.png\" alt=\"\" width=\"76\" height=\"50\" srcset=\"https:\/\/www.dentbircanturkey.com\/wp-content\/uploads\/2023\/04\/Calisma-Yuzeyi-1-kopya-19-300x199.png 300w, https:\/\/www.dentbircanturkey.com\/wp-content\/uploads\/2023\/04\/Calisma-Yuzeyi-1-kopya-19.png 364w\" sizes=\"auto, (max-width: 76px) 100vw, 76px\" \/><\/a>&#8211; <a href=\"https:\/\/www.team35medyaajansi.com\/\"><img loading=\"lazy\" decoding=\"async\" class=\"alignnone  wp-image-357\" src=\"https:\/\/www.dentbircanturkey.com\/wp-content\/uploads\/2023\/04\/YaziLogo-300x72.png\" alt=\"\" width=\"59\" height=\"14\" srcset=\"https:\/\/www.dentbircanturkey.com\/wp-content\/uploads\/2023\/04\/YaziLogo-300x72.png 300w, https:\/\/www.dentbircanturkey.com\/wp-content\/uploads\/2023\/04\/YaziLogo.png 720w\" sizes=\"auto, (max-width: 59px) 100vw, 59px\" \/><\/a><br \/><\/span><\/p>\n\t\t<\/div>\n\t\t\t\t\t<\/div>\n\n\t\n<\/div>\n\t\t<\/div>\n\n\t\t\n<style>\n#section_1888160676 {\n  padding-top: 30px;\n  padding-bottom: 30px;\n  background-color: rgb(255, 255, 255);\n}\n#section_1888160676 .ux-shape-divider--top svg {\n  height: 150px;\n  --divider-top-width: 100%;\n}\n#section_1888160676 .ux-shape-divider--bottom svg {\n  height: 150px;\n  --divider-width: 100%;\n}\n@media (min-width:550px) {\n  #section_1888160676 {\n    padding-top: 0px;\n    padding-bottom: 0px;\n  }\n}\n<\/style>\n\t<\/section>\n\t\n","protected":false},"excerpt":{"rendered":"","protected":false},"author":1,"featured_media":0,"parent":0,"menu_order":0,"comment_status":"closed","ping_status":"closed","template":"page-blank.php","meta":{"footnotes":""},"class_list":["post-312","page","type-page","status-publish","hentry"],"_links":{"self":[{"href":"https:\/\/www.dentbircanturkey.com\/index.php?rest_route=\/wp\/v2\/pages\/312","targetHints":{"allow":["GET"]}}],"collection":[{"href":"https:\/\/www.dentbircanturkey.com\/index.php?rest_route=\/wp\/v2\/pages"}],"about":[{"href":"https:\/\/www.dentbircanturkey.com\/index.php?rest_route=\/wp\/v2\/types\/page"}],"author":[{"embeddable":true,"href":"https:\/\/www.dentbircanturkey.com\/index.php?rest_route=\/wp\/v2\/users\/1"}],"replies":[{"embeddable":true,"href":"https:\/\/www.dentbircanturkey.com\/index.php?rest_route=%2Fwp%2Fv2%2Fcomments&post=312"}],"version-history":[{"count":22,"href":"https:\/\/www.dentbircanturkey.com\/index.php?rest_route=\/wp\/v2\/pages\/312\/revisions"}],"predecessor-version":[{"id":1457,"href":"https:\/\/www.dentbircanturkey.com\/index.php?rest_route=\/wp\/v2\/pages\/312\/revisions\/1457"}],"wp:attachment":[{"href":"https:\/\/www.dentbircanturkey.com\/index.php?rest_route=%2Fwp%2Fv2%2Fmedia&parent=312"}],"curies":[{"name":"wp","href":"https:\/\/api.w.org\/{rel}","templated":true}]}}