{"id":449,"date":"2023-04-30T14:53:29","date_gmt":"2023-04-30T14:53:29","guid":{"rendered":"http:\/\/www.dentbircanturkey.com\/?page_id=449"},"modified":"2023-05-19T11:43:37","modified_gmt":"2023-05-19T11:43:37","slug":"saglik-turizmi","status":"publish","type":"page","link":"https:\/\/www.dentbircanturkey.com\/?page_id=449","title":{"rendered":"Sa\u011fl\u0131k Turizmi"},"content":{"rendered":"  <div id=\"page-header-1170059571\" class=\"page-header-wrapper\">\n  <div class=\"page-title dark featured-title\">\n\n    \n    <div class=\"page-title-inner container align-center flex-row medium-flex-wrap\" >\n              <div class=\"title-wrapper flex-col text-left medium-text-center\">\n          <h1 class=\"entry-title mb-0\">\n            Sa\u011fl\u0131k Turizmi          <\/h1>\n        <\/div>\n                    <div class=\"title-content flex-col flex-right text-right medium-text-center\">\n              <\/div>\n    <\/div>\n\n       <\/div>\n    <\/div>\n  \n\t<div id=\"gap-1602337548\" class=\"gap-element clearfix\" style=\"display:block; height:auto;\">\n\t\t\n<style>\n#gap-1602337548 {\n  padding-top: 30px;\n}\n<\/style>\n\t<\/div>\n\t\n\t<section class=\"section\" id=\"section_324256673\">\n\t\t<div class=\"bg section-bg fill bg-fill  bg-loaded\" >\n\n\t\t\t\n\t\t\t\n\t\t\t\n\n\t\t<\/div>\n\n\t\t\n\n\t\t<div class=\"section-content relative\">\n\t\t\t\n<div class=\"row row-small\"  id=\"row-1844029714\">\n\n\t<div id=\"col-1891105756\" class=\"col medium-6 small-12 large-6\"  >\n\t\t\t\t<div class=\"col-inner box-shadow-2\" style=\"background-color:rgba(0,13,112,0.965);\" >\n\t\t\t\n\t\t\t\n\n  <div class=\"banner has-hover\" id=\"banner-2075142297\">\n          <div class=\"banner-inner fill\">\n        <div class=\"banner-bg fill\" >\n            <div class=\"bg fill bg-fill \"><\/div>\n                                    \n                    <\/div>\n\t\t\n        <div class=\"banner-layers container\">\n            <div class=\"fill banner-link\"><\/div>            \n        <\/div>\n      <\/div>\n\n            \n<style>\n#banner-2075142297 {\n  padding-top: 200px;\n}\n#banner-2075142297 .bg.bg-loaded {\n  background-image: url(https:\/\/www.dentbircanturkey.com\/wp-content\/uploads\/2023\/05\/DSC03086-1024x683-1.jpg);\n}\n#banner-2075142297 .bg {\n  background-position: 0% 45%;\n}\n#banner-2075142297 .ux-shape-divider--top svg {\n  height: 150px;\n  --divider-top-width: 100%;\n}\n#banner-2075142297 .ux-shape-divider--bottom svg {\n  height: 150px;\n  --divider-width: 100%;\n}\n@media (min-width:550px) {\n  #banner-2075142297 {\n    padding-top: 410px;\n  }\n}\n<\/style>\n  <\/div>\n\n\n\t\t<\/div>\n\t\t\t\t\n<style>\n#col-1891105756 > .col-inner {\n  padding: 3px 3px 3px 3px;\n}\n<\/style>\n\t<\/div>\n\n\t\n\n\t<div id=\"col-883259363\" class=\"col medium-6 small-12 large-6\"  >\n\t\t\t\t<div class=\"col-inner\"  >\n\t\t\t\n\t\t\t\n<p class=\"about-three__title\"><strong><span style=\"color: #004da6; font-size: 120%;\">Tedavileriniz i\u00e7in \u0130zmir&#8217;e gelin<\/span><\/strong><\/p>\n<p>\u0130zmir Narl\u0131dere&#8217;deki di\u015f hekimli\u011fi klini\u011fimiz, y\u00fcksek kaliteli di\u015f tedavisi sunan deneyimli ve uzman bir ekip taraf\u0131ndan y\u00f6netilmektedir. Bu nedenle, T\u00fcrkiye&#8217;den y\u00fcksek kaliteli di\u015f tedavisi arayan hastalar i\u00e7in cazip bir se\u00e7enektir. Ayr\u0131ca, \u0130zmir Narl\u0131dere, T\u00fcrkiye&#8217;nin bat\u0131s\u0131nda bulunur ve \u0130zmir&#8217;in merkezine yak\u0131n olmas\u0131 nedeniyle di\u011fer turistik yerlere kolay eri\u015fim sa\u011flar.<\/p>\n<p>Son y\u0131llarada \u00f6zellikle Avrupa\u2019da ya\u015fayan gerek t\u00fcrk gerekse yabac\u0131 hastalar\u0131n sa\u011fl\u0131k turizminde tercih ettikleri birinci \u00fclke T\u00fcrkiye olmaktad\u0131r. \u0130zmir ise tatil beldelerine yak\u0131n co\u011frafi konumu itibariyle, dental turizm a\u00e7\u0131s\u0131ndan parlayan bir y\u0131ld\u0131z olarak ilerlemektedir.Dent Bircan a\u011f\u0131z ve di\u015f sa\u011fl\u0131\u011f\u0131 poliklini\u011fi olarak \u0130zmir Narl\u0131dere il\u00e7esinde havaliman\u0131na 20 dk, Konak \u015fehir merkezi\u2019ne 15 dk, \u00c7e\u015fme,Ku\u015fadas\u0131 gibi g\u00f6zde tatil beldelerine 1 saat uzakl\u0131kta bulunmaktay\u0131z. Klini\u011fimize geldi\u011finizde hem tatilinizi yapabilme hem de di\u015f tedavilerinizi ger\u00e7ekle\u015ftirebilme imkan\u0131n\u0131z fazlas\u0131yla mevcuttur.<\/p>\n\t\t<\/div>\n\t\t\t\t\t<\/div>\n\n\t\n\n\t<div id=\"col-718657463\" class=\"col small-12 large-12\"  >\n\t\t\t\t<div class=\"col-inner\"  >\n\t\t\t\n\t\t\t\n<p><span style=\"font-size: 120%; color: #004da6;\"><strong>Tedaviye Ba\u015flamadan \u00d6nce Yap\u0131lmas\u0131 Gerekenler Nelerdir?<\/strong><\/span><\/p>\n<p>E mail, whatsapp yada ana sayfadaki r\u00f6ntgen g\u00f6nder butonunu kullanarak daha \u00f6nceden \u00e7ekilmi\u015f bir panoramik r\u00f6ntgeniniz yada tomografiniz varsa g\u00f6ndermeniz. R\u00f6ntgen g\u00f6r\u00fcnt\u00fcleri incelendikte sonra hekimlerimiz taraf\u0131ndan istekleriniz do\u011frultusunda bir tedavi plan\u0131 \u00e7\u0131kar\u0131lacak ve gerekirse videokonferans ile g\u00f6r\u00fcnt\u00fcl\u00fc arama i\u00e7in randevulu\u015falacakt\u0131r. Randevunuz sizin i\u00e7in uygun tarihe ayarland\u0131ktan sonra tedavinize ba\u015flanacakt\u0131r. \u0130steyen hastalar\u0131m\u0131z i\u00e7in havaliman\u0131 transferi sa\u011flan\u0131r ve klinik yak\u0131n\u0131nda anla\u015fmal\u0131 otelimizde konaklaman\u0131z ayarlan\u0131r.<\/p>\n<div class=\"is-divider divider clearfix\" style=\"max-width:100%;height:1px;background-color:rgb(0, 77, 166);\"><\/div>\n\t\t<\/div>\n\t\t\t\t\t<\/div>\n\n\t\n\n\t<div id=\"col-495857222\" class=\"col medium-6 small-12 large-6\"  >\n\t\t\t\t<div class=\"col-inner box-shadow-2\" style=\"background-color:rgba(0,13,112,0.965);\" >\n\t\t\t\n\t\t\t\n\n  <div class=\"banner has-hover\" id=\"banner-1909094528\">\n          <div class=\"banner-inner fill\">\n        <div class=\"banner-bg fill\" >\n            <div class=\"bg fill bg-fill \"><\/div>\n                                    \n                    <\/div>\n\t\t\n        <div class=\"banner-layers container\">\n            <div class=\"fill banner-link\"><\/div>            \n        <\/div>\n      <\/div>\n\n            \n<style>\n#banner-1909094528 {\n  padding-top: 200px;\n}\n#banner-1909094528 .bg.bg-loaded {\n  background-image: url(https:\/\/www.dentbircanturkey.com\/wp-content\/uploads\/2023\/05\/DSC08837-683x1024.jpg);\n}\n#banner-1909094528 .bg {\n  background-position: 0% 38%;\n}\n#banner-1909094528 .ux-shape-divider--top svg {\n  height: 150px;\n  --divider-top-width: 100%;\n}\n#banner-1909094528 .ux-shape-divider--bottom svg {\n  height: 150px;\n  --divider-width: 100%;\n}\n@media (min-width:550px) {\n  #banner-1909094528 {\n    padding-top: 360px;\n  }\n}\n<\/style>\n  <\/div>\n\n\n\t\t<\/div>\n\t\t\t\t\n<style>\n#col-495857222 > .col-inner {\n  padding: 3px 3px 3px 3px;\n}\n<\/style>\n\t<\/div>\n\n\t\n\n\t<div id=\"col-1473892358\" class=\"col medium-6 small-12 large-6\"  >\n\t\t\t\t<div class=\"col-inner\"  >\n\t\t\t\n\t\t\t\n<p><span style=\"font-size: 120%; color: #004da6;\"><strong>Tedaviye Ba\u015flamadan \u00d6nce Yap\u0131lmas\u0131 Gerekenler Nelerdir?<\/strong><\/span><\/p>\n<p>E mail, whatsapp yada ana sayfadaki r\u00f6ntgen g\u00f6nder butonunu kullanarak daha \u00f6nceden \u00e7ekilmi\u015f bir panoramik r\u00f6ntgeniniz yada tomografiniz varsa g\u00f6ndermeniz. R\u00f6ntgen g\u00f6r\u00fcnt\u00fcleri incelendikte sonra hekimlerimiz taraf\u0131ndan istekleriniz do\u011frultusunda bir tedavi plan\u0131 \u00e7\u0131kar\u0131lacak ve gerekirse videokonferans ile g\u00f6r\u00fcnt\u00fcl\u00fc arama i\u00e7in randevulu\u015falacakt\u0131r. Randevunuz sizin i\u00e7in uygun tarihe ayarland\u0131ktan sonra tedavinize ba\u015flanacakt\u0131r. \u0130steyen hastalar\u0131m\u0131z i\u00e7in havaliman\u0131 transferi sa\u011flan\u0131r ve klinik yak\u0131n\u0131nda anla\u015fmal\u0131 otelimizde konaklaman\u0131z ayarlan\u0131r.<\/p>\n<p><span style=\"color: #004da6; font-size: 120%;\"><strong>Tedavi S\u00fcresi Ne Kadar Olur? Ne Kadar Konaklamam Gerekir?<\/strong><\/span><\/p>\n<p>Tedavi s\u00fcreniz yap\u0131lacak i\u015fleme g\u00f6re de\u011fi\u015fmektedir. Tedavilerin ortalama s\u00fcreleri a\u015fa\u011f\u0131da belirtilmi\u015ftir. Vakan\u0131n zorlu\u011funa g\u00f6re bu s\u00fcreler de\u011fi\u015febilmektedir.<\/p>\n\t\t<\/div>\n\t\t\t\t\t<\/div>\n\n\t\n\n\t<div id=\"col-1652025350\" class=\"col small-12 large-12\"  >\n\t\t\t\t<div class=\"col-inner\"  >\n\t\t\t\n\t\t\t\n<p><span style=\"font-size: 120%; color: #004da6;\"><strong>\u0130mplant Yap\u0131ld\u0131ktan Sonra Hemen Daimi Di\u015fler Tak\u0131l\u0131r m\u0131?<\/strong><\/span><\/p>\n<p>Di\u015fhekimi\u011finde b\u00f6yle bir konsept mevcut de\u011fildir. \u0130mplantlardan sonra daimi di\u015fleri yapabilmemiz i\u00e7in implantlar\u0131n en az 3 ay \u00e7ene kemi\u011fine kayna\u015fmas\u0131n\u0131 beklemek gerekmektedir. Aksi takdirde implantlarda sallanmalar ve kay\u0131plar g\u00f6r\u00fclebilir. Di\u015fetleri iyile\u015fmeden \u00f6l\u00e7\u00fcler al\u0131n\u0131p daimi bir protez yap\u0131lmas\u0131 s\u00f6z konusu de\u011fildir.<\/p>\n<div class=\"is-divider divider clearfix\" style=\"max-width:100%;height:1px;background-color:rgb(0, 77, 166);\"><\/div>\n\t\t<\/div>\n\t\t\t\t\n<style>\n#col-1652025350 > .col-inner {\n  padding: 0px 0px 0px 0px;\n}\n<\/style>\n\t<\/div>\n\n\t\n\n\t<div id=\"col-425500416\" class=\"col medium-6 small-12 large-6\"  >\n\t\t\t\t<div class=\"col-inner box-shadow-2\" style=\"background-color:rgba(0,13,112,0.965);\" >\n\t\t\t\n\t\t\t\n\n  <div class=\"banner has-hover\" id=\"banner-796532923\">\n          <div class=\"banner-inner fill\">\n        <div class=\"banner-bg fill\" >\n            <div class=\"bg fill bg-fill \"><\/div>\n                                    \n                    <\/div>\n\t\t\n        <div class=\"banner-layers container\">\n            <div class=\"fill banner-link\"><\/div>            \n        <\/div>\n      <\/div>\n\n            \n<style>\n#banner-796532923 {\n  padding-top: 200px;\n}\n#banner-796532923 .bg.bg-loaded {\n  background-image: url(https:\/\/www.dentbircanturkey.com\/wp-content\/uploads\/2023\/05\/31934274062957328260istanbul-otel-transfer.jpg);\n}\n#banner-796532923 .ux-shape-divider--top svg {\n  height: 150px;\n  --divider-top-width: 100%;\n}\n#banner-796532923 .ux-shape-divider--bottom svg {\n  height: 150px;\n  --divider-width: 100%;\n}\n@media (min-width:550px) {\n  #banner-796532923 {\n    padding-top: 375px;\n  }\n}\n<\/style>\n  <\/div>\n\n\n\t\t<\/div>\n\t\t\t\t\n<style>\n#col-425500416 > .col-inner {\n  padding: 3px 3px 3px 3px;\n}\n<\/style>\n\t<\/div>\n\n\t\n\n\t<div id=\"col-1966585251\" class=\"col medium-6 small-12 large-6\"  >\n\t\t\t\t<div class=\"col-inner\"  >\n\t\t\t\n\t\t\t\n<p><span style=\"font-size: 120%;\"><strong><span style=\"color: #004da6;\">T\u00fcrkiye&#8217;de Kald\u0131\u011f\u0131m S\u00fcrece Otel ve Transferlerime Yard\u0131mc\u0131 Olacak m\u0131s\u0131n\u0131z?<\/span><\/strong><\/span><\/p>\n<p>T\u00fcrkiye\u2019ye geldi\u011finizde istedi\u011finiz takdirde havaliman\u0131 otel transferiniz yap\u0131lacakt\u0131r. Klini\u011fimiz yak\u0131n anla\u015fmal\u0131 otelimiz mevcuttur. Arzu ederseniz ad\u0131n\u0131za burada yer ay\u0131rt\u0131larak,uygun fiyatl\u0131 konaklaman\u0131z sa\u011flan\u0131r.<\/p>\n\t\t<\/div>\n\t\t\t\t\t<\/div>\n\n\t\n<\/div>\n\t\t<\/div>\n\n\t\t\n<style>\n#section_324256673 {\n  padding-top: 0px;\n  padding-bottom: 0px;\n}\n#section_324256673 .ux-shape-divider--top svg {\n  height: 150px;\n  --divider-top-width: 100%;\n}\n#section_324256673 .ux-shape-divider--bottom svg {\n  height: 150px;\n  --divider-width: 100%;\n}\n<\/style>\n\t<\/section>\n\t\n\t<section class=\"section dark\" id=\"section_1987227327\">\n\t\t<div class=\"bg section-bg fill bg-fill  bg-loaded\" >\n\n\t\t\t\n\t\t\t\n\t\t\t\n\n\t\t<\/div>\n\n\t\t\n\n\t\t<div class=\"section-content relative\">\n\t\t\t\n<div class=\"is-divider divider clearfix\" style=\"max-width:100%;background-color:rgb(26, 56, 113);\"><\/div>\n\t<div id=\"gap-285082494\" class=\"gap-element clearfix hide-for-medium\" style=\"display:block; height:auto;\">\n\t\t\n<style>\n#gap-285082494 {\n  padding-top: 30px;\n}\n<\/style>\n\t<\/div>\n\t\n\t<div id=\"gap-1774876526\" class=\"gap-element clearfix\" style=\"display:block; height:auto;\">\n\t\t\n<style>\n#gap-1774876526 {\n  padding-top: 30px;\n}\n<\/style>\n\t<\/div>\n\t\n<div class=\"row\"  id=\"row-381449647\">\n\n\t<div id=\"col-1447492915\" class=\"col medium-12 small-12 large-4\"  >\n\t\t\t\t<div class=\"col-inner text-center\"  >\n\t\t\t\n\t\t\t\n<div class=\"row row-small\"  id=\"row-694023735\">\n\n\t<div id=\"col-902956357\" class=\"col medium-6 small-6 large-6\"  data-animate=\"flipInY\">\n\t\t\t\t<div class=\"col-inner text-right\"  >\n\t\t\t\n\t\t\t\n\t<div class=\"img has-hover x md-x lg-x y md-y lg-y\" id=\"image_1966458622\">\n\t\t\t\t\t\t\t\t<div class=\"img-inner dark\" >\n\t\t\t<img loading=\"lazy\" decoding=\"async\" width=\"900\" height=\"900\" src=\"https:\/\/www.dentbircanturkey.com\/wp-content\/uploads\/2023\/04\/20200316220122Saglikbakanligi_logo.png\" class=\"attachment-large size-large\" alt=\"\" srcset=\"https:\/\/www.dentbircanturkey.com\/wp-content\/uploads\/2023\/04\/20200316220122Saglikbakanligi_logo.png 900w, https:\/\/www.dentbircanturkey.com\/wp-content\/uploads\/2023\/04\/20200316220122Saglikbakanligi_logo-300x300.png 300w, https:\/\/www.dentbircanturkey.com\/wp-content\/uploads\/2023\/04\/20200316220122Saglikbakanligi_logo-150x150.png 150w, https:\/\/www.dentbircanturkey.com\/wp-content\/uploads\/2023\/04\/20200316220122Saglikbakanligi_logo-768x768.png 768w\" sizes=\"auto, (max-width: 900px) 100vw, 900px\" \/>\t\t\t\t\t\t\n\t\t\t\t\t<\/div>\n\t\t\t\t\t\t\t\t\n<style>\n#image_1966458622 {\n  width: 60%;\n}\n@media (min-width:550px) {\n  #image_1966458622 {\n    width: 50%;\n  }\n}\n<\/style>\n\t<\/div>\n\t\n\t\t<\/div>\n\t\t\t\t\t<\/div>\n\n\t\n\n\t<div id=\"col-1579397622\" class=\"col medium-6 small-6 large-6\"  data-animate=\"flipInY\">\n\t\t\t\t<div class=\"col-inner\"  >\n\t\t\t\n\t\t\t\n\t<div class=\"img has-hover x md-x lg-x y md-y lg-y\" id=\"image_2095609398\">\n\t\t\t\t\t\t\t\t<div class=\"img-inner dark\" >\n\t\t\t<img loading=\"lazy\" decoding=\"async\" width=\"371\" height=\"380\" src=\"https:\/\/www.dentbircanturkey.com\/wp-content\/uploads\/2023\/04\/Screenshot_4-removebg-preview.png\" class=\"attachment-large size-large\" alt=\"\" srcset=\"https:\/\/www.dentbircanturkey.com\/wp-content\/uploads\/2023\/04\/Screenshot_4-removebg-preview.png 371w, https:\/\/www.dentbircanturkey.com\/wp-content\/uploads\/2023\/04\/Screenshot_4-removebg-preview-293x300.png 293w\" sizes=\"auto, (max-width: 371px) 100vw, 371px\" \/>\t\t\t\t\t\t\n\t\t\t\t\t<\/div>\n\t\t\t\t\t\t\t\t\n<style>\n#image_2095609398 {\n  width: 60%;\n}\n@media (min-width:550px) {\n  #image_2095609398 {\n    width: 52%;\n  }\n}\n<\/style>\n\t<\/div>\n\t\n\t\t<\/div>\n\t\t\t\t\t<\/div>\n\n\t\n<\/div>\n\t<div id=\"gap-641232334\" class=\"gap-element clearfix\" style=\"display:block; height:auto;\">\n\t\t\n<style>\n#gap-641232334 {\n  padding-top: 10px;\n}\n<\/style>\n\t<\/div>\n\t\n\t<div id=\"text-2694976777\" class=\"text\">\n\t\t\n<p>Narl\u0131, Mithatpa\u015fa Cd. No: 224\/A, 35320 Narl\u0131dere\/\u0130zmir<br \/>\n\t\t\n<style>\n#text-2694976777 {\n  text-align: center;\n  color: rgb(0,0,0);\n}\n#text-2694976777 > * {\n  color: rgb(0,0,0);\n}\n<\/style>\n\t<\/div>\n\t\n<a href=\"tel:+90%20552%20883%2055%2066\" target=\"_self\" class=\"button primary is-outline is-small\"  >\n  <i class=\"icon-phone\" aria-hidden=\"true\" ><\/i>  <span>Hemen Ara<\/span>\n  <\/a>\n\n<a href=\"mailto:info@dentbircanturkey.com\" target=\"_self\" class=\"button primary is-outline is-small\"  >\n  <i class=\"icon-envelop\" aria-hidden=\"true\" ><\/i>  <span>E-posta G\u00f6nder<\/span>\n  <\/a>\n\n\t\t<\/div>\n\t\t\t\t\t<\/div>\n\n\t\n\n\t<div id=\"col-510211225\" class=\"col medium-12 small-12 large-8\"  >\n\t\t\t\t<div class=\"col-inner\"  >\n\t\t\t\n\t\t\t\n<div class=\"row row-small\"  id=\"row-551954295\">\n\n\t<div id=\"col-578924031\" class=\"col medium-4 small-12 large-4\"  >\n\t\t\t\t<div class=\"col-inner\"  >\n\t\t\t\n\t\t\t\n\t<div id=\"text-3287489161\" class=\"text\">\n\t\t\n<h4>Hizmetler<\/h4>\n<ul>\n<li class=\"bullet-arrow\"><span style=\"font-size: 90%;\"><a href=\"https:\/\/www.dentbircanturkey.com\/hizmetler\/#bleaching\">Bleaching<\/a><\/span><\/li>\n<li class=\"bullet-arrow\"><span style=\"font-size: 90%;\"><a href=\"https:\/\/www.dentbircanturkey.com\/hizmetler\/#implant\">Implant<\/a><\/span><\/li>\n<li class=\"bullet-arrow\"><span style=\"font-size: 90%;\"><a href=\"https:\/\/www.dentbircanturkey.com\/hizmetler\/#endodonti\">Endodonti<\/a><\/span><\/li>\n<li class=\"bullet-arrow\"><span style=\"font-size: 90%;\"><a href=\"https:\/\/www.dentbircanturkey.com\/hizmetler\/#zirkonyum\">Zirkonyum Kaplama<\/a><\/span><\/li>\n<li class=\"bullet-arrow\"><span style=\"font-size: 90%;\"><a href=\"https:\/\/www.dentbircanturkey.com\/hizmetler\/#dijital\">Dijital Di\u015f Hekimli\u011fi<\/a><\/span><\/li>\n<li class=\"bullet-arrow\"><span style=\"font-size: 90%;\"><a href=\"https:\/\/www.dentbircanturkey.com\/hizmetler\/#ortodonti\">Ortodonti<\/a><\/span><\/li>\n<li class=\"bullet-arrow\"><span style=\"font-size: 90%;\"><a href=\"https:\/\/www.dentbircanturkey.com\/hizmetler\/#\u00e7ene\">\u00c7ene Cerrahisi<\/a><\/span><\/li>\n<li class=\"bullet-arrow\"><span style=\"font-size: 90%;\"><a href=\"https:\/\/www.dentbircanturkey.com\/hizmetler\/#g\u00fcl\u00fc\u015f\">G\u00fcl\u00fc\u015f Tasar\u0131m\u0131<\/a><\/span><\/li>\n<\/ul>\n\t\t\n<style>\n#text-3287489161 {\n  color: rgb(0,0,0);\n}\n#text-3287489161 > * {\n  color: rgb(0,0,0);\n}\n<\/style>\n\t<\/div>\n\t\n\t\t<\/div>\n\t\t\t\t\t<\/div>\n\n\t\n\n\t<div id=\"col-1226978831\" class=\"col medium-4 small-12 large-4\"  >\n\t\t\t\t<div class=\"col-inner\"  >\n\t\t\t\n\t\t\t\n\t<div id=\"text-3625037963\" class=\"text\">\n\t\t\n<h4>H\u0131zl\u0131 Men\u00fc<\/h4>\n<ul>\n<li class=\"bullet-arrow\"><span style=\"font-size: 90%;\"><a href=\"https:\/\/www.dentbircanturkey.com\/\">Anasayfa<\/a><\/span><\/li>\n<li class=\"bullet-arrow\"><span style=\"font-size: 90%;\"><a href=\"https:\/\/www.dentbircanturkey.com\/doktorlarimiz\/\">Doktorlar\u0131m\u0131z<\/a><\/span><\/li>\n<li class=\"bullet-arrow\"><span style=\"font-size: 90%;\"><a href=\"https:\/\/www.dentbircanturkey.com\/hizmetler\/\">T\u00fcm Hizmetler<\/a><\/span><\/li>\n<li class=\"bullet-arrow\"><span style=\"font-size: 90%;\"><a href=\"https:\/\/www.dentbircanturkey.com\/izmiri-kesfet\/\">\u0130zmir&#8217;i Ke\u015ffet<\/a><\/span><\/li>\n<li class=\"bullet-arrow\"><span style=\"font-size: 90%;\"><a href=\"https:\/\/www.dentbircanturkey.com\/rontgen-gonder\/\">R\u00f6ntgen G\u00f6nder<\/a><\/span><\/li>\n<li class=\"bullet-arrow\"><span style=\"font-size: 90%;\"><a href=\"https:\/\/www.dentbircanturkey.com\/iletisim\/\">\u0130leti\u015fim<\/a><\/span><\/li>\n<\/ul>\n\t\t\n<style>\n#text-3625037963 {\n  color: rgb(0,0,0);\n}\n#text-3625037963 > * {\n  color: rgb(0,0,0);\n}\n<\/style>\n\t<\/div>\n\t\n\t\t<\/div>\n\t\t\t\t\t<\/div>\n\n\t\n\n\t<div id=\"col-276597626\" class=\"col medium-4 small-12 large-4\"  >\n\t\t\t\t<div class=\"col-inner\"  >\n\t\t\t\n\t\t\t\n\t<div id=\"text-2141078375\" class=\"text\">\n\t\t\n<h4>Yasal Sayfalar<\/h4>\n<ul>\n<li class=\"bullet-arrow\"><span style=\"font-size: 90%;\"><a href=\"https:\/\/www.dentbircanturkey.com\/aydinlatma-metni\/\">Ayd\u0131nlatma Metni<\/a><\/span><\/li>\n<li class=\"bullet-arrow\"><span style=\"font-size: 90%;\"><a href=\"https:\/\/www.dentbircanturkey.com\/kisisel-veri-isleme-ve-koruma\/\">Ki\u015fisel Veri \u0130\u015fleme ve Koruma<\/a><\/span><\/li>\n<li class=\"bullet-arrow\"><span style=\"font-size: 90%;\"><a href=\"https:\/\/www.dentbircanturkey.com\/kisisel-veri-saklama-ve-imha\/\">Ki\u015fisel Veri Saklama ve \u0130mha<\/a><\/span><\/li>\n<li class=\"bullet-arrow\"><span style=\"font-size: 90%;\"><a href=\"https:\/\/www.dentbircanturkey.com\/gizlilik-ve-cerez-politikasi\/\">Gizlilik ve \u00c7erez Politikas\u0131<\/a><\/span><\/li>\n<li class=\"bullet-arrow\"><span style=\"font-size: 90%;\"><a href=\"https:\/\/www.dentbircanturkey.com\/basvuru-formu\/\">Ba\u015fvuru Formu<\/a><\/span><\/li>\n<\/ul>\n\t\t\n<style>\n#text-2141078375 {\n  color: rgb(0,0,0);\n}\n#text-2141078375 > * {\n  color: rgb(0,0,0);\n}\n<\/style>\n\t<\/div>\n\t\n\t\t<\/div>\n\t\t\t\t\t<\/div>\n\n\t\n<\/div>\n\t\t<\/div>\n\t\t\t\t\t<\/div>\n\n\t\n<\/div>\n<div class=\"row\"  id=\"row-1515961759\">\n\n\t<div id=\"col-1726802822\" class=\"col small-12 large-12\"  >\n\t\t\t\t<div class=\"col-inner\"  >\n\t\t\t\n\t\t\t\n<p style=\"text-align: center;\"><span style=\"font-size: 75%; color: #000000;\">T\u00fcm Haklar\u0131 Sakl\u0131d\u0131r. | <a href=\"https:\/\/www.webreta.com.tr\/\"><img loading=\"lazy\" decoding=\"async\" class=\"alignnone wp-image-358\" src=\"https:\/\/www.dentbircanturkey.com\/wp-content\/uploads\/2023\/04\/Calisma-Yuzeyi-1-kopya-19-300x199.png\" alt=\"\" width=\"76\" height=\"50\" srcset=\"https:\/\/www.dentbircanturkey.com\/wp-content\/uploads\/2023\/04\/Calisma-Yuzeyi-1-kopya-19-300x199.png 300w, https:\/\/www.dentbircanturkey.com\/wp-content\/uploads\/2023\/04\/Calisma-Yuzeyi-1-kopya-19.png 364w\" sizes=\"auto, (max-width: 76px) 100vw, 76px\" \/><\/a>&#8211; <a href=\"https:\/\/www.team35medyaajansi.com\/\"><img loading=\"lazy\" decoding=\"async\" class=\"alignnone wp-image-357\" src=\"https:\/\/www.dentbircanturkey.com\/wp-content\/uploads\/2023\/04\/YaziLogo-300x72.png\" alt=\"\" width=\"59\" height=\"14\" srcset=\"https:\/\/www.dentbircanturkey.com\/wp-content\/uploads\/2023\/04\/YaziLogo-300x72.png 300w, https:\/\/www.dentbircanturkey.com\/wp-content\/uploads\/2023\/04\/YaziLogo.png 720w\" sizes=\"auto, (max-width: 59px) 100vw, 59px\" \/><\/a><br \/>\n<\/span><\/p>\n\t\t<\/div>\n\t\t\t\t\t<\/div>\n\n\t\n<\/div>\n\t\t<\/div>\n\n\t\t\n<style>\n#section_1987227327 {\n  padding-top: 30px;\n  padding-bottom: 30px;\n  background-color: rgb(255, 255, 255);\n}\n#section_1987227327 .ux-shape-divider--top svg {\n  height: 150px;\n  --divider-top-width: 100%;\n}\n#section_1987227327 .ux-shape-divider--bottom svg {\n  height: 150px;\n  --divider-width: 100%;\n}\n@media (min-width:550px) {\n  #section_1987227327 {\n    padding-top: 0px;\n    padding-bottom: 0px;\n  }\n}\n<\/style>\n\t<\/section>\n\t\n","protected":false},"excerpt":{"rendered":"","protected":false},"author":1,"featured_media":0,"parent":0,"menu_order":0,"comment_status":"closed","ping_status":"closed","template":"page-blank.php","meta":{"footnotes":""},"class_list":["post-449","page","type-page","status-publish","hentry"],"_links":{"self":[{"href":"https:\/\/www.dentbircanturkey.com\/index.php?rest_route=\/wp\/v2\/pages\/449","targetHints":{"allow":["GET"]}}],"collection":[{"href":"https:\/\/www.dentbircanturkey.com\/index.php?rest_route=\/wp\/v2\/pages"}],"about":[{"href":"https:\/\/www.dentbircanturkey.com\/index.php?rest_route=\/wp\/v2\/types\/page"}],"author":[{"embeddable":true,"href":"https:\/\/www.dentbircanturkey.com\/index.php?rest_route=\/wp\/v2\/users\/1"}],"replies":[{"embeddable":true,"href":"https:\/\/www.dentbircanturkey.com\/index.php?rest_route=%2Fwp%2Fv2%2Fcomments&post=449"}],"version-history":[{"count":35,"href":"https:\/\/www.dentbircanturkey.com\/index.php?rest_route=\/wp\/v2\/pages\/449\/revisions"}],"predecessor-version":[{"id":1458,"href":"https:\/\/www.dentbircanturkey.com\/index.php?rest_route=\/wp\/v2\/pages\/449\/revisions\/1458"}],"wp:attachment":[{"href":"https:\/\/www.dentbircanturkey.com\/index.php?rest_route=%2Fwp%2Fv2%2Fmedia&parent=449"}],"curies":[{"name":"wp","href":"https:\/\/api.w.org\/{rel}","templated":true}]}}