{"id":522,"date":"2023-04-30T16:46:59","date_gmt":"2023-04-30T16:46:59","guid":{"rendered":"http:\/\/www.dentbircanturkey.com\/?page_id=522"},"modified":"2023-05-19T11:38:43","modified_gmt":"2023-05-19T11:38:43","slug":"hakkimizda","status":"publish","type":"page","link":"https:\/\/www.dentbircanturkey.com\/?page_id=522","title":{"rendered":"Hakk\u0131m\u0131zda"},"content":{"rendered":"  <div id=\"page-header-632510561\" class=\"page-header-wrapper\">\n  <div class=\"page-title dark featured-title\">\n\n    \n    <div class=\"page-title-inner container align-center flex-row medium-flex-wrap\" >\n              <div class=\"title-wrapper flex-col text-left medium-text-center\">\n          <h1 class=\"entry-title mb-0\">\n            Hakk\u0131m\u0131zda          <\/h1>\n        <\/div>\n                    <div class=\"title-content flex-col flex-right text-right medium-text-center\">\n              <\/div>\n    <\/div>\n\n       <\/div>\n    <\/div>\n  \n\t<div id=\"gap-2011682900\" class=\"gap-element clearfix\" style=\"display:block; height:auto;\">\n\t\t\n<style>\n#gap-2011682900 {\n  padding-top: 30px;\n}\n<\/style>\n\t<\/div>\n\t\n\t<section class=\"section\" id=\"section_1791730646\">\n\t\t<div class=\"bg section-bg fill bg-fill  bg-loaded\" >\n\n\t\t\t\n\t\t\t\n\t\t\t\n\n\t\t<\/div>\n\n\t\t\n\n\t\t<div class=\"section-content relative\">\n\t\t\t\n<div class=\"row\"  id=\"row-294266209\">\n\n\t<div id=\"col-93664023\" class=\"col medium-6 small-12 large-6\"  >\n\t\t\t\t<div class=\"col-inner\" style=\"background-color:rgba(0,13,112,0.965);\" >\n\t\t\t\n\t\t\t\n\n  <div class=\"banner has-hover\" id=\"banner-2085993022\">\n          <div class=\"banner-inner fill\">\n        <div class=\"banner-bg fill\" >\n            <div class=\"bg fill bg-fill \"><\/div>\n                                    \n                    <\/div>\n\t\t\n        <div class=\"banner-layers container\">\n            <div class=\"fill banner-link\"><\/div>            \n        <\/div>\n      <\/div>\n\n            \n<style>\n#banner-2085993022 {\n  padding-top: 200px;\n}\n#banner-2085993022 .bg.bg-loaded {\n  background-image: url(https:\/\/www.dentbircanturkey.com\/wp-content\/uploads\/2023\/05\/DSC03125-1024x683-1.jpg);\n}\n#banner-2085993022 .ux-shape-divider--top svg {\n  height: 150px;\n  --divider-top-width: 100%;\n}\n#banner-2085993022 .ux-shape-divider--bottom svg {\n  height: 150px;\n  --divider-width: 100%;\n}\n@media (min-width:550px) {\n  #banner-2085993022 {\n    padding-top: 400px;\n  }\n}\n<\/style>\n  <\/div>\n\n\n\t\t<\/div>\n\t\t\t\t\n<style>\n#col-93664023 > .col-inner {\n  padding: 3px 3px 3px 3px;\n}\n<\/style>\n\t<\/div>\n\n\t\n\n\t<div id=\"col-941921265\" class=\"col medium-6 small-12 large-6\"  >\n\t\t\t\t<div class=\"col-inner\"  >\n\t\t\t\n\t\t\t\n<p><strong>Dent Bircan A\u011f\u0131z ve Di\u015f Sa\u011fl\u0131\u011f\u0131 Poliklini\u011fi<\/strong> olarak hastalar\u0131m\u0131za 2020 y\u0131l\u0131ndan bu zamana kadar tecr\u00fcbeli ekibimizle, uzman doktorlar\u0131m\u0131zla ve son teknoloji cihazlar\u0131m\u0131zla y\u00fcksek kalite standartlar\u0131nda hizmet sunmaktay\u0131z.<\/p>\n<p>Dent Bircan ailesi olarak kaliteli ve h\u0131zl\u0131 hizmet anlay\u0131\u015f\u0131 ile devam etmek, geli\u015fen teknolojiyi izlemek ve m\u00fc\u015fteri memnuniyeti ba\u015fl\u0131ca misyonumuzdur. G\u00fclery\u00fczl\u00fc ekibimizin tek hedefi hastalar\u0131m\u0131z\u0131 klini\u011fimizden g\u00fczel bir g\u00fcl\u00fc\u015f, sa\u011fl\u0131kl\u0131 di\u015fler ve memnun olarak u\u011furlamakt\u0131r.<\/p>\n<p>Modern klini\u011fimizde tecr\u00fcbeli klinisyenlerimiz g\u00fcn i\u00e7erisinde hastalar\u0131m\u0131za her t\u00fcrl\u00fc a\u011f\u0131z ve di\u015f sa\u011fl\u0131\u011f\u0131 hizmeti verilmektedir.<\/p>\n<p>Kalite politikam\u0131z; hasta ve \u00e7al\u0131\u015fan haklar\u0131na sayg\u0131 duymak, etik ve hukuki kurallara uymak, hastalar\u0131m\u0131z\u0131n beklentileri ve istekleri do\u011frultusunda tedavi uygulamak, bilimsel esaslar\u0131 temel almak, tedavilerde y\u00fcksek kalite standartlar\u0131n\u0131 yakalamakt\u0131r.<\/p>\n\t\t<\/div>\n\t\t\t\t\t<\/div>\n\n\t\n<\/div>\n\t\t<\/div>\n\n\t\t\n<style>\n#section_1791730646 {\n  padding-top: 30px;\n  padding-bottom: 30px;\n}\n#section_1791730646 .ux-shape-divider--top svg {\n  height: 150px;\n  --divider-top-width: 100%;\n}\n#section_1791730646 .ux-shape-divider--bottom svg {\n  height: 150px;\n  --divider-width: 100%;\n}\n<\/style>\n\t<\/section>\n\t\n\t<section class=\"section dark\" id=\"section_1158551324\">\n\t\t<div class=\"bg section-bg fill bg-fill  bg-loaded\" >\n\n\t\t\t\n\t\t\t\n\t\t\t\n\n\t\t<\/div>\n\n\t\t\n\n\t\t<div class=\"section-content relative\">\n\t\t\t\n<div class=\"is-divider divider clearfix\" style=\"max-width:100%;background-color:rgb(26, 56, 113);\"><\/div>\n\t<div id=\"gap-1594408160\" class=\"gap-element clearfix hide-for-medium\" style=\"display:block; height:auto;\">\n\t\t\n<style>\n#gap-1594408160 {\n  padding-top: 30px;\n}\n<\/style>\n\t<\/div>\n\t\n\t<div id=\"gap-560811724\" class=\"gap-element clearfix\" style=\"display:block; height:auto;\">\n\t\t\n<style>\n#gap-560811724 {\n  padding-top: 30px;\n}\n<\/style>\n\t<\/div>\n\t\n<div class=\"row\"  id=\"row-91872492\">\n\n\t<div id=\"col-458525749\" class=\"col medium-12 small-12 large-4\"  >\n\t\t\t\t<div class=\"col-inner text-center\"  >\n\t\t\t\n\t\t\t\n<div class=\"row row-small\"  id=\"row-1907567708\">\n\n\t<div id=\"col-2006070782\" class=\"col medium-6 small-6 large-6\"  data-animate=\"flipInY\">\n\t\t\t\t<div class=\"col-inner text-right\"  >\n\t\t\t\n\t\t\t\n\t<div class=\"img has-hover x md-x lg-x y md-y lg-y\" id=\"image_681371646\">\n\t\t\t\t\t\t\t\t<div class=\"img-inner dark\" >\n\t\t\t<img loading=\"lazy\" decoding=\"async\" width=\"900\" height=\"900\" src=\"https:\/\/www.dentbircanturkey.com\/wp-content\/uploads\/2023\/04\/20200316220122Saglikbakanligi_logo.png\" class=\"attachment-large size-large\" alt=\"\" srcset=\"https:\/\/www.dentbircanturkey.com\/wp-content\/uploads\/2023\/04\/20200316220122Saglikbakanligi_logo.png 900w, https:\/\/www.dentbircanturkey.com\/wp-content\/uploads\/2023\/04\/20200316220122Saglikbakanligi_logo-300x300.png 300w, https:\/\/www.dentbircanturkey.com\/wp-content\/uploads\/2023\/04\/20200316220122Saglikbakanligi_logo-150x150.png 150w, https:\/\/www.dentbircanturkey.com\/wp-content\/uploads\/2023\/04\/20200316220122Saglikbakanligi_logo-768x768.png 768w\" sizes=\"auto, (max-width: 900px) 100vw, 900px\" \/>\t\t\t\t\t\t\n\t\t\t\t\t<\/div>\n\t\t\t\t\t\t\t\t\n<style>\n#image_681371646 {\n  width: 60%;\n}\n@media (min-width:550px) {\n  #image_681371646 {\n    width: 50%;\n  }\n}\n<\/style>\n\t<\/div>\n\t\n\t\t<\/div>\n\t\t\t\t\t<\/div>\n\n\t\n\n\t<div id=\"col-1960468087\" class=\"col medium-6 small-6 large-6\"  data-animate=\"flipInY\">\n\t\t\t\t<div class=\"col-inner\"  >\n\t\t\t\n\t\t\t\n\t<div class=\"img has-hover x md-x lg-x y md-y lg-y\" id=\"image_617049550\">\n\t\t\t\t\t\t\t\t<div class=\"img-inner dark\" >\n\t\t\t<img loading=\"lazy\" decoding=\"async\" width=\"371\" height=\"380\" src=\"https:\/\/www.dentbircanturkey.com\/wp-content\/uploads\/2023\/04\/Screenshot_4-removebg-preview.png\" class=\"attachment-large size-large\" alt=\"\" srcset=\"https:\/\/www.dentbircanturkey.com\/wp-content\/uploads\/2023\/04\/Screenshot_4-removebg-preview.png 371w, https:\/\/www.dentbircanturkey.com\/wp-content\/uploads\/2023\/04\/Screenshot_4-removebg-preview-293x300.png 293w\" sizes=\"auto, (max-width: 371px) 100vw, 371px\" \/>\t\t\t\t\t\t\n\t\t\t\t\t<\/div>\n\t\t\t\t\t\t\t\t\n<style>\n#image_617049550 {\n  width: 60%;\n}\n@media (min-width:550px) {\n  #image_617049550 {\n    width: 52%;\n  }\n}\n<\/style>\n\t<\/div>\n\t\n\t\t<\/div>\n\t\t\t\t\t<\/div>\n\n\t\n<\/div>\n\t<div id=\"gap-10193675\" class=\"gap-element clearfix\" style=\"display:block; height:auto;\">\n\t\t\n<style>\n#gap-10193675 {\n  padding-top: 10px;\n}\n<\/style>\n\t<\/div>\n\t\n\t<div id=\"text-1410215160\" class=\"text\">\n\t\t\n<p>Narl\u0131, Mithatpa\u015fa Cd. No: 224\/A, 35320 Narl\u0131dere\/\u0130zmir<\/p>\n\t\t\n<style>\n#text-1410215160 {\n  text-align: center;\n  color: rgb(0,0,0);\n}\n#text-1410215160 > * {\n  color: rgb(0,0,0);\n}\n<\/style>\n\t<\/div>\n\t\n<a href=\"tel:+90%20552%20883%2055%2066\" target=\"_self\" class=\"button primary is-outline is-small\"  >\n  <i class=\"icon-phone\" aria-hidden=\"true\" ><\/i>  <span>Hemen Ara<\/span>\n  <\/a>\n\n<a href=\"mailto:info@dentbircanturkey.com\" target=\"_self\" class=\"button primary is-outline is-small\"  >\n  <i class=\"icon-envelop\" aria-hidden=\"true\" ><\/i>  <span>E-posta G\u00f6nder<\/span>\n  <\/a>\n\n\t\t<\/div>\n\t\t\t\t\t<\/div>\n\n\t\n\n\t<div id=\"col-652223637\" class=\"col medium-12 small-12 large-8\"  >\n\t\t\t\t<div class=\"col-inner\"  >\n\t\t\t\n\t\t\t\n<div class=\"row row-small\"  id=\"row-1383276403\">\n\n\t<div id=\"col-2117725095\" class=\"col medium-4 small-12 large-4\"  >\n\t\t\t\t<div class=\"col-inner\"  >\n\t\t\t\n\t\t\t\n\t<div id=\"text-2186068063\" class=\"text\">\n\t\t\n<h4>Hizmetler<\/h4>\n<ul>\n<li class=\"bullet-arrow\"><span style=\"font-size: 90%;\"><a href=\"https:\/\/www.dentbircanturkey.com\/hizmetler\/#bleaching\">Bleaching<\/a><\/span><\/li>\n<li class=\"bullet-arrow\"><span style=\"font-size: 90%;\"><a href=\"https:\/\/www.dentbircanturkey.com\/hizmetler\/#implant\">Implant<\/a><\/span><\/li>\n<li class=\"bullet-arrow\"><span style=\"font-size: 90%;\"><a href=\"https:\/\/www.dentbircanturkey.com\/hizmetler\/#endodonti\">Endodonti<\/a><\/span><\/li>\n<li class=\"bullet-arrow\"><span style=\"font-size: 90%;\"><a href=\"https:\/\/www.dentbircanturkey.com\/hizmetler\/#zirkonyum\">Zirkonyum Kaplama<\/a><\/span><\/li>\n<li class=\"bullet-arrow\"><span style=\"font-size: 90%;\"><a href=\"https:\/\/www.dentbircanturkey.com\/hizmetler\/#dijital\">Dijital Di\u015f Hekimli\u011fi<\/a><\/span><\/li>\n<li class=\"bullet-arrow\"><span style=\"font-size: 90%;\"><a href=\"https:\/\/www.dentbircanturkey.com\/hizmetler\/#ortodonti\">Ortodonti<\/a><\/span><\/li>\n<li class=\"bullet-arrow\"><span style=\"font-size: 90%;\"><a href=\"https:\/\/www.dentbircanturkey.com\/hizmetler\/#\u00e7ene\">\u00c7ene Cerrahisi<\/a><\/span><\/li>\n<li class=\"bullet-arrow\"><span style=\"font-size: 90%;\"><a href=\"https:\/\/www.dentbircanturkey.com\/hizmetler\/#g\u00fcl\u00fc\u015f\">G\u00fcl\u00fc\u015f Tasar\u0131m\u0131<\/a><\/span><\/li>\n<\/ul>\n\t\t\n<style>\n#text-2186068063 {\n  color: rgb(0,0,0);\n}\n#text-2186068063 > * {\n  color: rgb(0,0,0);\n}\n<\/style>\n\t<\/div>\n\t\n\t\t<\/div>\n\t\t\t\t\t<\/div>\n\n\t\n\n\t<div id=\"col-1687641620\" class=\"col medium-4 small-12 large-4\"  >\n\t\t\t\t<div class=\"col-inner\"  >\n\t\t\t\n\t\t\t\n\t<div id=\"text-2914944058\" class=\"text\">\n\t\t\n<h4>H\u0131zl\u0131 Men\u00fc<\/h4>\n<ul>\n<li class=\"bullet-arrow\"><span style=\"font-size: 90%;\"><a href=\"https:\/\/www.dentbircanturkey.com\/\">Anasayfa<\/a><\/span><\/li>\n<li class=\"bullet-arrow\"><span style=\"font-size: 90%;\"><a href=\"https:\/\/www.dentbircanturkey.com\/doktorlarimiz\/\">Doktorlar\u0131m\u0131z<\/a><\/span><\/li>\n<li class=\"bullet-arrow\"><span style=\"font-size: 90%;\"><a href=\"https:\/\/www.dentbircanturkey.com\/hizmetler\/\">T\u00fcm Hizmetler<\/a><\/span><\/li>\n<li class=\"bullet-arrow\"><span style=\"font-size: 90%;\"><a href=\"https:\/\/www.dentbircanturkey.com\/izmiri-kesfet\/\">\u0130zmir&#8217;i Ke\u015ffet<\/a><\/span><\/li>\n<li class=\"bullet-arrow\"><span style=\"font-size: 90%;\"><a href=\"https:\/\/www.dentbircanturkey.com\/rontgen-gonder\/\">R\u00f6ntgen G\u00f6nder<\/a><\/span><\/li>\n<li class=\"bullet-arrow\"><span style=\"font-size: 90%;\"><a href=\"https:\/\/www.dentbircanturkey.com\/iletisim\/\">\u0130leti\u015fim<\/a><\/span><\/li>\n<\/ul>\n\t\t\n<style>\n#text-2914944058 {\n  color: rgb(0,0,0);\n}\n#text-2914944058 > * {\n  color: rgb(0,0,0);\n}\n<\/style>\n\t<\/div>\n\t\n\t\t<\/div>\n\t\t\t\t\t<\/div>\n\n\t\n\n\t<div id=\"col-776363614\" class=\"col medium-4 small-12 large-4\"  >\n\t\t\t\t<div class=\"col-inner\"  >\n\t\t\t\n\t\t\t\n\t<div id=\"text-2982891034\" class=\"text\">\n\t\t\n<h4>Yasal Sayfalar<\/h4>\n<ul>\n<li class=\"bullet-arrow\"><span style=\"font-size: 90%;\"><a href=\"https:\/\/www.dentbircanturkey.com\/aydinlatma-metni\/\">Ayd\u0131nlatma Metni<\/a><\/span><\/li>\n<li class=\"bullet-arrow\"><span style=\"font-size: 90%;\"><a href=\"https:\/\/www.dentbircanturkey.com\/kisisel-veri-isleme-ve-koruma\/\">Ki\u015fisel Veri \u0130\u015fleme ve Koruma<\/a><\/span><\/li>\n<li class=\"bullet-arrow\"><span style=\"font-size: 90%;\"><a href=\"https:\/\/www.dentbircanturkey.com\/kisisel-veri-saklama-ve-imha\/\">Ki\u015fisel Veri Saklama ve \u0130mha<\/a><\/span><\/li>\n<li class=\"bullet-arrow\"><span style=\"font-size: 90%;\"><a href=\"https:\/\/www.dentbircanturkey.com\/gizlilik-ve-cerez-politikasi\/\">Gizlilik ve \u00c7erez Politikas\u0131<\/a><\/span><\/li>\n<li class=\"bullet-arrow\"><span style=\"font-size: 90%;\"><a href=\"https:\/\/www.dentbircanturkey.com\/basvuru-formu\/\">Ba\u015fvuru Formu<\/a><\/span><\/li>\n<\/ul>\n\t\t\n<style>\n#text-2982891034 {\n  color: rgb(0,0,0);\n}\n#text-2982891034 > * {\n  color: rgb(0,0,0);\n}\n<\/style>\n\t<\/div>\n\t\n\t\t<\/div>\n\t\t\t\t\t<\/div>\n\n\t\n<\/div>\n\t\t<\/div>\n\t\t\t\t\t<\/div>\n\n\t\n<\/div>\n<div class=\"row\"  id=\"row-1847863639\">\n\n\t<div id=\"col-667706994\" class=\"col small-12 large-12\"  >\n\t\t\t\t<div class=\"col-inner\"  >\n\t\t\t\n\t\t\t\n<p style=\"text-align: center;\"><span style=\"font-size: 75%; color: #000000;\">T\u00fcm Haklar\u0131 Sakl\u0131d\u0131r. | <a href=\"https:\/\/www.webreta.com.tr\/\"><img loading=\"lazy\" decoding=\"async\" class=\"alignnone  wp-image-358\" src=\"https:\/\/www.dentbircanturkey.com\/wp-content\/uploads\/2023\/04\/Calisma-Yuzeyi-1-kopya-19-300x199.png\" alt=\"\" width=\"76\" height=\"50\" srcset=\"https:\/\/www.dentbircanturkey.com\/wp-content\/uploads\/2023\/04\/Calisma-Yuzeyi-1-kopya-19-300x199.png 300w, https:\/\/www.dentbircanturkey.com\/wp-content\/uploads\/2023\/04\/Calisma-Yuzeyi-1-kopya-19.png 364w\" sizes=\"auto, (max-width: 76px) 100vw, 76px\" \/><\/a>&#8211; <a href=\"https:\/\/www.team35medyaajansi.com\/\"><img loading=\"lazy\" decoding=\"async\" class=\"alignnone  wp-image-357\" src=\"https:\/\/www.dentbircanturkey.com\/wp-content\/uploads\/2023\/04\/YaziLogo-300x72.png\" alt=\"\" width=\"59\" height=\"14\" srcset=\"https:\/\/www.dentbircanturkey.com\/wp-content\/uploads\/2023\/04\/YaziLogo-300x72.png 300w, https:\/\/www.dentbircanturkey.com\/wp-content\/uploads\/2023\/04\/YaziLogo.png 720w\" sizes=\"auto, (max-width: 59px) 100vw, 59px\" \/><\/a><br \/><\/span><\/p>\n\t\t<\/div>\n\t\t\t\t\t<\/div>\n\n\t\n<\/div>\n\t\t<\/div>\n\n\t\t\n<style>\n#section_1158551324 {\n  padding-top: 30px;\n  padding-bottom: 30px;\n  background-color: rgb(255, 255, 255);\n}\n#section_1158551324 .ux-shape-divider--top svg {\n  height: 150px;\n  --divider-top-width: 100%;\n}\n#section_1158551324 .ux-shape-divider--bottom svg {\n  height: 150px;\n  --divider-width: 100%;\n}\n@media (min-width:550px) {\n  #section_1158551324 {\n    padding-top: 0px;\n    padding-bottom: 0px;\n  }\n}\n<\/style>\n\t<\/section>\n\t\n","protected":false},"excerpt":{"rendered":"","protected":false},"author":1,"featured_media":0,"parent":0,"menu_order":0,"comment_status":"closed","ping_status":"closed","template":"page-blank.php","meta":{"footnotes":""},"class_list":["post-522","page","type-page","status-publish","hentry"],"_links":{"self":[{"href":"https:\/\/www.dentbircanturkey.com\/index.php?rest_route=\/wp\/v2\/pages\/522","targetHints":{"allow":["GET"]}}],"collection":[{"href":"https:\/\/www.dentbircanturkey.com\/index.php?rest_route=\/wp\/v2\/pages"}],"about":[{"href":"https:\/\/www.dentbircanturkey.com\/index.php?rest_route=\/wp\/v2\/types\/page"}],"author":[{"embeddable":true,"href":"https:\/\/www.dentbircanturkey.com\/index.php?rest_route=\/wp\/v2\/users\/1"}],"replies":[{"embeddable":true,"href":"https:\/\/www.dentbircanturkey.com\/index.php?rest_route=%2Fwp%2Fv2%2Fcomments&post=522"}],"version-history":[{"count":11,"href":"https:\/\/www.dentbircanturkey.com\/index.php?rest_route=\/wp\/v2\/pages\/522\/revisions"}],"predecessor-version":[{"id":1448,"href":"https:\/\/www.dentbircanturkey.com\/index.php?rest_route=\/wp\/v2\/pages\/522\/revisions\/1448"}],"wp:attachment":[{"href":"https:\/\/www.dentbircanturkey.com\/index.php?rest_route=%2Fwp%2Fv2%2Fmedia&parent=522"}],"curies":[{"name":"wp","href":"https:\/\/api.w.org\/{rel}","templated":true}]}}