{"id":719,"date":"2023-04-30T20:32:47","date_gmt":"2023-04-30T20:32:47","guid":{"rendered":"http:\/\/www.dentbircanturkey.com\/?page_id=719"},"modified":"2023-05-19T12:01:51","modified_gmt":"2023-05-19T12:01:51","slug":"unsere-aerzte","status":"publish","type":"page","link":"https:\/\/www.dentbircanturkey.com\/?page_id=719&lang=de","title":{"rendered":"Unsere \u00c4rzte"},"content":{"rendered":"  <div id=\"page-header-1614828716\" class=\"page-header-wrapper\">\n  <div class=\"page-title dark featured-title\">\n\n    \n    <div class=\"page-title-inner container align-center flex-row medium-flex-wrap\" >\n              <div class=\"title-wrapper flex-col text-left medium-text-center\">\n          <h1 class=\"entry-title mb-0\">\n            Unsere \u00c4rzte          <\/h1>\n        <\/div>\n                    <div class=\"title-content flex-col flex-right text-right medium-text-center\">\n              <\/div>\n    <\/div>\n\n       <\/div>\n    <\/div>\n  \n\t<div id=\"gap-1961540286\" class=\"gap-element clearfix\" style=\"display:block; height:auto;\">\n\t\t\n<style>\n#gap-1961540286 {\n  padding-top: 30px;\n}\n<\/style>\n\t<\/div>\n\t\n\t<section class=\"section\" id=\"section_1018675773\">\n\t\t<div class=\"bg section-bg fill bg-fill  bg-loaded\" >\n\n\t\t\t\n\t\t\t\n\t\t\t\n\n\t\t<\/div>\n\n\t\t\n\n\t\t<div class=\"section-content relative\">\n\t\t\t\n<div class=\"row row-small hide-for-small row-box-shadow-3\"  id=\"row-1122019432\">\n\n\t<div id=\"col-1430443352\" class=\"col medium-6 small-12 large-6\"  >\n\t\t\t\t<div class=\"col-inner\" style=\"background-color:rgba(0, 13, 112, 0.965);\" >\n\t\t\t\n\t\t\t\n\n  <div class=\"banner has-hover\" id=\"banner-2041529436\">\n          <div class=\"banner-inner fill\">\n        <div class=\"banner-bg fill\" >\n            <div class=\"bg fill bg-fill \"><\/div>\n                                    \n                    <\/div>\n\t\t\n\t<div class=\"ux-shape-divider ux-shape-divider--bottom ux-shape-divider--style-tilt ux-shape-divider--flip\">\n\t\t<svg viewBox=\"0 0 1000 100\" xmlns=\"http:\/\/www.w3.org\/2000\/svg\" preserveAspectRatio=\"none\">\n\t<path class=\"ux-shape-fill\" d=\"M1000 100V0L-40 100H1000Z\"\/>\n<\/svg>\n\t<\/div>\n        <div class=\"banner-layers container\">\n            <div class=\"fill banner-link\"><\/div>            \n   <div id=\"text-box-394523096\" class=\"text-box banner-layer x5 md-x5 lg-x5 y95 md-y95 lg-y95 res-text\">\n                                <div class=\"text-box-content text dark\">\n              \n              <div class=\"text-inner text-left\">\n                  \n\t<div id=\"text-3760641691\" class=\"text\">\n\t\t\n<h4 class=\"uppercase\"><strong>DT. ORHAN B\u0130RCAN<\/strong><\/h4>\n\t\t\n<style>\n#text-3760641691 {\n  text-align: left;\n  color: rgb(0,0,0);\n}\n#text-3760641691 > * {\n  color: rgb(0,0,0);\n}\n<\/style>\n\t<\/div>\n\t\n<a href=\"https:\/\/www.dentbircanturkey.com\/de\/dt-orhan-bircan-2\/\" target=\"_self\" class=\"button secondary is-outline is-larger\"  style=\"border-radius:5px;\">\n    <span>Um<\/span>\n  <i class=\"icon-angle-right\" aria-hidden=\"true\" ><\/i><\/a>\n\n              <\/div>\n           <\/div>\n                            \n<style>\n#text-box-394523096 {\n  width: 60%;\n}\n#text-box-394523096 .text-box-content {\n  font-size: 100%;\n}\n<\/style>\n    <\/div>\n \n        <\/div>\n      <\/div>\n\n            \n<style>\n#banner-2041529436 {\n  padding-top: 350px;\n}\n#banner-2041529436 .bg.bg-loaded {\n  background-image: url(https:\/\/www.dentbircanturkey.com\/wp-content\/uploads\/2023\/04\/photo1627854596-1024x682.jpeg);\n}\n#banner-2041529436 .bg {\n  background-position: 0% 24%;\n}\n#banner-2041529436 .ux-shape-divider--top svg {\n  height: 150px;\n  --divider-top-width: 100%;\n}\n#banner-2041529436 .ux-shape-divider--bottom svg {\n  height: 150px;\n  --divider-width: 100%;\n}\n<\/style>\n  <\/div>\n\n\n\t\t<\/div>\n\t\t\t\t\n<style>\n#col-1430443352 > .col-inner {\n  padding: 3px 3px 3px 3px;\n}\n<\/style>\n\t<\/div>\n\n\t\n\n\t<div id=\"col-612959377\" class=\"col medium-6 small-12 large-6\"  >\n\t\t\t\t<div class=\"col-inner\" style=\"background-color:rgba(0, 13, 112, 0.965);\" >\n\t\t\t\n\t\t\t\n\n  <div class=\"banner has-hover\" id=\"banner-723372499\">\n          <div class=\"banner-inner fill\">\n        <div class=\"banner-bg fill\" >\n            <div class=\"bg fill bg-fill \"><\/div>\n                                    \n                    <\/div>\n\t\t\n\t<div class=\"ux-shape-divider ux-shape-divider--bottom ux-shape-divider--style-tilt ux-shape-divider--flip\">\n\t\t<svg viewBox=\"0 0 1000 100\" xmlns=\"http:\/\/www.w3.org\/2000\/svg\" preserveAspectRatio=\"none\">\n\t<path class=\"ux-shape-fill\" d=\"M1000 100V0L-40 100H1000Z\"\/>\n<\/svg>\n\t<\/div>\n        <div class=\"banner-layers container\">\n            <div class=\"fill banner-link\"><\/div>            \n   <div id=\"text-box-1634292567\" class=\"text-box banner-layer x5 md-x5 lg-x5 y95 md-y95 lg-y95 res-text\">\n                                <div class=\"text-box-content text dark\">\n              \n              <div class=\"text-inner text-left\">\n                  \n\t<div id=\"text-1625345459\" class=\"text\">\n\t\t\n<h4 class=\"uppercase\"><strong>DT. HAT\u0130CE B\u0130RCAN<\/strong><\/h4>\n\t\t\n<style>\n#text-1625345459 {\n  text-align: left;\n  color: rgb(0,0,0);\n}\n#text-1625345459 > * {\n  color: rgb(0,0,0);\n}\n<\/style>\n\t<\/div>\n\t\n<a href=\"https:\/\/www.dentbircanturkey.com\/de\/dt-hatice-bircan-2\/\" target=\"_self\" class=\"button secondary is-outline is-larger\"  style=\"border-radius:5px;\">\n    <span>Um<\/span>\n  <i class=\"icon-angle-right\" aria-hidden=\"true\" ><\/i><\/a>\n\n              <\/div>\n           <\/div>\n                            \n<style>\n#text-box-1634292567 {\n  width: 60%;\n}\n#text-box-1634292567 .text-box-content {\n  font-size: 100%;\n}\n<\/style>\n    <\/div>\n \n        <\/div>\n      <\/div>\n\n            \n<style>\n#banner-723372499 {\n  padding-top: 350px;\n}\n#banner-723372499 .bg.bg-loaded {\n  background-image: url(https:\/\/www.dentbircanturkey.com\/wp-content\/uploads\/2023\/04\/photo1627854596-1-1024x682.jpeg);\n}\n#banner-723372499 .bg {\n  background-position: 0% 24%;\n}\n#banner-723372499 .ux-shape-divider--top svg {\n  height: 150px;\n  --divider-top-width: 100%;\n}\n#banner-723372499 .ux-shape-divider--bottom svg {\n  height: 150px;\n  --divider-width: 100%;\n}\n#banner-723372499 .ux-shape-divider--bottom .ux-shape-fill {\n  fill: rgb(255, 255, 255);\n}\n<\/style>\n  <\/div>\n\n\n\t\t<\/div>\n\t\t\t\t\n<style>\n#col-612959377 > .col-inner {\n  padding: 3px 3px 3px 3px;\n}\n<\/style>\n\t<\/div>\n\n\t\n<\/div>\n<div class=\"row row-small show-for-small row-box-shadow-2\"  id=\"row-1852845491\">\n\n\t<div id=\"col-811279158\" class=\"col medium-6 small-12 large-6\"  >\n\t\t\t\t<div class=\"col-inner\" style=\"background-color:rgba(0, 13, 112, 0.965);\" >\n\t\t\t\n\t\t\t\n\n  <div class=\"banner has-hover\" id=\"banner-402512185\">\n          <div class=\"banner-inner fill\">\n        <div class=\"banner-bg fill\" >\n            <div class=\"bg fill bg-fill \"><\/div>\n                                    \n                    <\/div>\n\t\t\n\t<div class=\"ux-shape-divider ux-shape-divider--bottom ux-shape-divider--style-tilt ux-shape-divider--flip\">\n\t\t<svg viewBox=\"0 0 1000 100\" xmlns=\"http:\/\/www.w3.org\/2000\/svg\" preserveAspectRatio=\"none\">\n\t<path class=\"ux-shape-fill\" d=\"M1000 100V0L-40 100H1000Z\"\/>\n<\/svg>\n\t<\/div>\n        <div class=\"banner-layers container\">\n            <div class=\"fill banner-link\"><\/div>            \n   <div id=\"text-box-1369464142\" class=\"text-box banner-layer x5 md-x5 lg-x5 y95 md-y95 lg-y95 res-text\">\n                                <div class=\"text-box-content text dark\">\n              \n              <div class=\"text-inner text-left\">\n                  \n\t<div id=\"text-1996870942\" class=\"text\">\n\t\t\n<h5 class=\"uppercase\"><strong>DT. ORHAN B\u0130RCAN<\/strong><\/h5>\n\t\t\n<style>\n#text-1996870942 {\n  text-align: left;\n  color: rgb(0,0,0);\n}\n#text-1996870942 > * {\n  color: rgb(0,0,0);\n}\n<\/style>\n\t<\/div>\n\t\n<a href=\"https:\/\/www.dentbircanturkey.com\/de\/dt-orhan-bircan-2\/\" target=\"_self\" class=\"button primary is-outline\"  style=\"border-radius:5px;\">\n    <span>Um<\/span>\n  <i class=\"icon-angle-right\" aria-hidden=\"true\" ><\/i><\/a>\n\n              <\/div>\n           <\/div>\n                            \n<style>\n#text-box-1369464142 {\n  width: 60%;\n}\n#text-box-1369464142 .text-box-content {\n  font-size: 100%;\n}\n<\/style>\n    <\/div>\n \n        <\/div>\n      <\/div>\n\n            \n<style>\n#banner-402512185 {\n  padding-top: 250px;\n}\n#banner-402512185 .bg.bg-loaded {\n  background-image: url(https:\/\/www.dentbircanturkey.com\/wp-content\/uploads\/2023\/04\/photo1627854596-1024x682.jpeg);\n}\n#banner-402512185 .bg {\n  background-position: 0% 24%;\n}\n#banner-402512185 .ux-shape-divider--top svg {\n  height: 150px;\n  --divider-top-width: 100%;\n}\n#banner-402512185 .ux-shape-divider--bottom svg {\n  height: 150px;\n  --divider-width: 100%;\n}\n@media (min-width:550px) {\n  #banner-402512185 {\n    padding-top: 350px;\n  }\n}\n<\/style>\n  <\/div>\n\n\n\t\t<\/div>\n\t\t\t\t\n<style>\n#col-811279158 > .col-inner {\n  padding: 3px 3px 3px 3px;\n}\n<\/style>\n\t<\/div>\n\n\t\n\n\t<div id=\"col-224819083\" class=\"col medium-6 small-12 large-6\"  >\n\t\t\t\t<div class=\"col-inner\" style=\"background-color:rgba(0, 13, 112, 0.965);\" >\n\t\t\t\n\t\t\t\n\n  <div class=\"banner has-hover\" id=\"banner-391920471\">\n          <div class=\"banner-inner fill\">\n        <div class=\"banner-bg fill\" >\n            <div class=\"bg fill bg-fill \"><\/div>\n                                    \n                    <\/div>\n\t\t\n\t<div class=\"ux-shape-divider ux-shape-divider--bottom ux-shape-divider--style-tilt ux-shape-divider--flip\">\n\t\t<svg viewBox=\"0 0 1000 100\" xmlns=\"http:\/\/www.w3.org\/2000\/svg\" preserveAspectRatio=\"none\">\n\t<path class=\"ux-shape-fill\" d=\"M1000 100V0L-40 100H1000Z\"\/>\n<\/svg>\n\t<\/div>\n        <div class=\"banner-layers container\">\n            <div class=\"fill banner-link\"><\/div>            \n   <div id=\"text-box-670824984\" class=\"text-box banner-layer x5 md-x5 lg-x5 y95 md-y95 lg-y95 res-text\">\n                                <div class=\"text-box-content text dark\">\n              \n              <div class=\"text-inner text-left\">\n                  \n\t<div id=\"text-3801089132\" class=\"text\">\n\t\t\n<h5 class=\"uppercase\"><strong>DT. ORHAN B\u0130RCAN<\/strong><\/h5>\n\t\t\n<style>\n#text-3801089132 {\n  text-align: left;\n  color: rgb(0,0,0);\n}\n#text-3801089132 > * {\n  color: rgb(0,0,0);\n}\n<\/style>\n\t<\/div>\n\t\n<a href=\"https:\/\/www.dentbircanturkey.com\/de\/dt-hatice-bircan-2\/\" target=\"_self\" class=\"button primary is-outline\"  style=\"border-radius:5px;\">\n    <span>Um<\/span>\n  <i class=\"icon-angle-right\" aria-hidden=\"true\" ><\/i><\/a>\n\n              <\/div>\n           <\/div>\n                            \n<style>\n#text-box-670824984 {\n  width: 60%;\n}\n#text-box-670824984 .text-box-content {\n  font-size: 100%;\n}\n<\/style>\n    <\/div>\n \n        <\/div>\n      <\/div>\n\n            \n<style>\n#banner-391920471 {\n  padding-top: 250px;\n}\n#banner-391920471 .bg.bg-loaded {\n  background-image: url(https:\/\/www.dentbircanturkey.com\/wp-content\/uploads\/2023\/04\/photo1627854596-1-1024x682.jpeg);\n}\n#banner-391920471 .bg {\n  background-position: 0% 24%;\n}\n#banner-391920471 .ux-shape-divider--top svg {\n  height: 150px;\n  --divider-top-width: 100%;\n}\n#banner-391920471 .ux-shape-divider--bottom svg {\n  height: 150px;\n  --divider-width: 100%;\n}\n@media (min-width:550px) {\n  #banner-391920471 {\n    padding-top: 350px;\n  }\n}\n<\/style>\n  <\/div>\n\n\n\t\t<\/div>\n\t\t\t\t\n<style>\n#col-224819083 > .col-inner {\n  padding: 3px 3px 3px 3px;\n}\n<\/style>\n\t<\/div>\n\n\t\n<\/div>\n\t\t<\/div>\n\n\t\t\n<style>\n#section_1018675773 {\n  padding-top: 0px;\n  padding-bottom: 0px;\n}\n#section_1018675773 .ux-shape-divider--top svg {\n  height: 150px;\n  --divider-top-width: 100%;\n}\n#section_1018675773 .ux-shape-divider--bottom svg {\n  height: 150px;\n  --divider-width: 100%;\n}\n<\/style>\n\t<\/section>\n\t\n\t<section class=\"section dark\" id=\"section_880008029\">\n\t\t<div class=\"bg section-bg fill bg-fill  bg-loaded\" >\n\n\t\t\t\n\t\t\t\n\t\t\t\n\n\t\t<\/div>\n\n\t\t\n\n\t\t<div class=\"section-content relative\">\n\t\t\t\n<div class=\"is-divider divider clearfix\" style=\"max-width:100%;background-color:rgb(26, 56, 113);\"><\/div>\n\t<div id=\"gap-413751143\" class=\"gap-element clearfix hide-for-medium\" style=\"display:block; height:auto;\">\n\t\t\n<style>\n#gap-413751143 {\n  padding-top: 30px;\n}\n<\/style>\n\t<\/div>\n\t\n\t<div id=\"gap-234946052\" class=\"gap-element clearfix\" style=\"display:block; height:auto;\">\n\t\t\n<style>\n#gap-234946052 {\n  padding-top: 30px;\n}\n<\/style>\n\t<\/div>\n\t\n<div class=\"row\"  id=\"row-1384054941\">\n\n\t<div id=\"col-797365761\" class=\"col medium-12 small-12 large-4\"  >\n\t\t\t\t<div class=\"col-inner text-center\"  >\n\t\t\t\n\t\t\t\n<div class=\"row row-small\"  id=\"row-651034176\">\n\n\t<div id=\"col-968460107\" class=\"col medium-6 small-6 large-6\"  data-animate=\"flipInY\">\n\t\t\t\t<div class=\"col-inner text-right\"  >\n\t\t\t\n\t\t\t\n\t<div class=\"img has-hover x md-x lg-x y md-y lg-y\" id=\"image_67642572\">\n\t\t\t\t\t\t\t\t<div class=\"img-inner dark\" >\n\t\t\t<img loading=\"lazy\" decoding=\"async\" width=\"900\" height=\"900\" src=\"https:\/\/www.dentbircanturkey.com\/wp-content\/uploads\/2023\/04\/20200316220122Saglikbakanligi_logo.png\" class=\"attachment-large size-large\" alt=\"\" srcset=\"https:\/\/www.dentbircanturkey.com\/wp-content\/uploads\/2023\/04\/20200316220122Saglikbakanligi_logo.png 900w, https:\/\/www.dentbircanturkey.com\/wp-content\/uploads\/2023\/04\/20200316220122Saglikbakanligi_logo-300x300.png 300w, https:\/\/www.dentbircanturkey.com\/wp-content\/uploads\/2023\/04\/20200316220122Saglikbakanligi_logo-150x150.png 150w, https:\/\/www.dentbircanturkey.com\/wp-content\/uploads\/2023\/04\/20200316220122Saglikbakanligi_logo-768x768.png 768w\" sizes=\"auto, (max-width: 900px) 100vw, 900px\" \/>\t\t\t\t\t\t\n\t\t\t\t\t<\/div>\n\t\t\t\t\t\t\t\t\n<style>\n#image_67642572 {\n  width: 60%;\n}\n@media (min-width:550px) {\n  #image_67642572 {\n    width: 50%;\n  }\n}\n<\/style>\n\t<\/div>\n\t\n\t\t<\/div>\n\t\t\t\t\t<\/div>\n\n\t\n\n\t<div id=\"col-1698029714\" class=\"col medium-6 small-6 large-6\"  data-animate=\"flipInY\">\n\t\t\t\t<div class=\"col-inner\"  >\n\t\t\t\n\t\t\t\n\t<div class=\"img has-hover x md-x lg-x y md-y lg-y\" id=\"image_1731305943\">\n\t\t\t\t\t\t\t\t<div class=\"img-inner dark\" >\n\t\t\t<img loading=\"lazy\" decoding=\"async\" width=\"371\" height=\"380\" src=\"https:\/\/www.dentbircanturkey.com\/wp-content\/uploads\/2023\/04\/Screenshot_4-removebg-preview.png\" class=\"attachment-large size-large\" alt=\"\" srcset=\"https:\/\/www.dentbircanturkey.com\/wp-content\/uploads\/2023\/04\/Screenshot_4-removebg-preview.png 371w, https:\/\/www.dentbircanturkey.com\/wp-content\/uploads\/2023\/04\/Screenshot_4-removebg-preview-293x300.png 293w\" sizes=\"auto, (max-width: 371px) 100vw, 371px\" \/>\t\t\t\t\t\t\n\t\t\t\t\t<\/div>\n\t\t\t\t\t\t\t\t\n<style>\n#image_1731305943 {\n  width: 60%;\n}\n@media (min-width:550px) {\n  #image_1731305943 {\n    width: 52%;\n  }\n}\n<\/style>\n\t<\/div>\n\t\n\t\t<\/div>\n\t\t\t\t\t<\/div>\n\n\t\n<\/div>\n\t<div id=\"gap-1440981828\" class=\"gap-element clearfix\" style=\"display:block; height:auto;\">\n\t\t\n<style>\n#gap-1440981828 {\n  padding-top: 10px;\n}\n<\/style>\n\t<\/div>\n\t\n\t<div id=\"text-2790631800\" class=\"text\">\n\t\t\n<p>Narl\u0131, Mithatpa\u015fa Cd. No: 224\/A, 35320 Narl\u0131dere\/\u0130zmir<br \/>\n\t\t\n<style>\n#text-2790631800 {\n  text-align: center;\n  color: rgb(0,0,0);\n}\n#text-2790631800 > * {\n  color: rgb(0,0,0);\n}\n<\/style>\n\t<\/div>\n\t\n<a href=\"tel:+90%20552%20883%2055%2066\" target=\"_self\" class=\"button primary is-outline is-small\"  >\n  <i class=\"icon-phone\" aria-hidden=\"true\" ><\/i>  <span>Jetzt Anrufen<\/span>\n  <\/a>\n\n<a href=\"mailto:info@dentbircanturkey.com\" target=\"_self\" class=\"button primary is-outline is-small\"  >\n  <i class=\"icon-envelop\" aria-hidden=\"true\" ><\/i>  <span>E-Mail senden<\/span>\n  <\/a>\n\n\t\t<\/div>\n\t\t\t\t\t<\/div>\n\n\t\n\n\t<div id=\"col-51074591\" class=\"col medium-12 small-12 large-8\"  >\n\t\t\t\t<div class=\"col-inner\"  >\n\t\t\t\n\t\t\t\n<div class=\"row row-small\"  id=\"row-1511523573\">\n\n\t<div id=\"col-516864014\" class=\"col medium-4 small-12 large-4\"  >\n\t\t\t\t<div class=\"col-inner\"  >\n\t\t\t\n\t\t\t\n\t<div id=\"text-1114021823\" class=\"text\">\n\t\t\n<h4>Dienstleistungen<\/h4>\n<ul>\n<li class=\"bullet-arrow\"><span style=\"font-size: 90%;\"><a href=\"https:\/\/www.dentbircanturkey.com\/de\/dienstleistungen\/#dbleaching\">Bleichen<\/a><\/span><\/li>\n<li class=\"bullet-arrow\"><span style=\"font-size: 90%;\"><a href=\"https:\/\/www.dentbircanturkey.com\/de\/dienstleistungen\/#dimplant\">\u0130mplantierent<\/a><\/span><\/li>\n<li class=\"bullet-arrow\"><span style=\"font-size: 90%;\"><a href=\"https:\/\/www.dentbircanturkey.com\/de\/dienstleistungen\/#dendodonti\">Endodontie<\/a><\/span><\/li>\n<li class=\"bullet-arrow\"><span style=\"font-size: 90%;\"><a href=\"https:\/\/www.dentbircanturkey.com\/de\/dienstleistungen\/#dzirkonyum\">Zirkoniumbeschichtung<\/a><\/span><\/li>\n<li class=\"bullet-arrow\"><span style=\"font-size: 90%;\"><a href=\"https:\/\/www.dentbircanturkey.com\/de\/dienstleistungen\/#ddijital\">Digitale Zahnmedizin<\/a><\/span><\/li>\n<li class=\"bullet-arrow\"><span style=\"font-size: 90%;\"><a href=\"https:\/\/www.dentbircanturkey.com\/de\/dienstleistungen\/#dortodonti\">Kieferorthop\u00e4die<\/a><\/span><\/li>\n<li class=\"bullet-arrow\"><span style=\"font-size: 90%;\"><a href=\"https:\/\/www.dentbircanturkey.com\/de\/dienstleistungen\/#d\u00e7ene\">Maxillofaziale Chirurgie<\/a><\/span><\/li>\n<li class=\"bullet-arrow\"><span style=\"font-size: 90%;\"><a href=\"https:\/\/www.dentbircanturkey.com\/de\/dienstleistungen\/#dg\u00fcl\u00fc\u015f\">L\u00e4cheln-Design<\/a><\/span><\/li>\n<\/ul>\n\t\t\n<style>\n#text-1114021823 {\n  color: rgb(0,0,0);\n}\n#text-1114021823 > * {\n  color: rgb(0,0,0);\n}\n<\/style>\n\t<\/div>\n\t\n\t\t<\/div>\n\t\t\t\t\t<\/div>\n\n\t\n\n\t<div id=\"col-1578086513\" class=\"col medium-4 small-12 large-4\"  >\n\t\t\t\t<div class=\"col-inner\"  >\n\t\t\t\n\t\t\t\n\t<div id=\"text-3757822830\" class=\"text\">\n\t\t\n<h4>Schnellmen\u00fc<\/h4>\n<ul>\n<li class=\"bullet-arrow\"><span style=\"font-size: 90%;\"><a href=\"https:\/\/www.dentbircanturkey.com\/de\/startseite\/\">Startseite<\/a><\/span><\/li>\n<li class=\"bullet-arrow\"><span style=\"font-size: 90%;\"><a href=\"https:\/\/www.dentbircanturkey.com\/de\/unsere-aerzte\/\">Unsere \u00c4rzte<\/a><\/span><\/li>\n<li class=\"bullet-arrow\"><span style=\"font-size: 90%;\"><a href=\"https:\/\/www.dentbircanturkey.com\/de\/dienstleistungen\/\">Dienstleistungen<\/a><\/span><\/li>\n<li class=\"bullet-arrow\"><span style=\"font-size: 90%;\"><a href=\"https:\/\/www.dentbircanturkey.com\/de\/entdecken-sie-izmir\/\">Entdecken Sie Izmir<\/a><\/span><\/li>\n<li class=\"bullet-arrow\"><span style=\"font-size: 90%;\"><a href=\"https:\/\/www.dentbircanturkey.com\/de\/roentgen-senden\/\">R\u00f6ntgen Senden<\/a><\/span><\/li>\n<li class=\"bullet-arrow\"><span style=\"font-size: 90%;\"><a href=\"https:\/\/www.dentbircanturkey.com\/de\/kontaktiere-uns\/\">Kontaktiere uns<\/a><\/span><\/li>\n<\/ul>\n\t\t\n<style>\n#text-3757822830 {\n  color: rgb(0,0,0);\n}\n#text-3757822830 > * {\n  color: rgb(0,0,0);\n}\n<\/style>\n\t<\/div>\n\t\n\t\t<\/div>\n\t\t\t\t\t<\/div>\n\n\t\n\n\t<div id=\"col-1386318074\" class=\"col medium-4 small-12 large-4\"  >\n\t\t\t\t<div class=\"col-inner\"  >\n\t\t\t\n\t\t\t\n\t<div id=\"text-142616261\" class=\"text\">\n\t\t\n<h4>Juristische Seiten<\/h4>\n<ul>\n<li class=\"bullet-arrow\"><span style=\"font-size: 90%;\"><a class=\"row-title\" href=\"https:\/\/www.dentbircanturkey.com\/de\/beleuchtungstext\/\" aria-label=\"\u201cBeleuchtungstext\u201d (D\u00fczenle)\">Beleuchtungstext<\/a><\/span><\/li>\n<li class=\"bullet-arrow\"><span style=\"font-size: 90%;\"><a href=\"https:\/\/www.dentbircanturkey.com\/de\/verarbeitung-und-schutz-personenbezogener-daten\/\">Verarbeitung und Schutz personenbezogener Daten<\/a><\/span><\/li>\n<li class=\"bullet-arrow\"><span style=\"font-size: 90%;\"><a href=\"https:\/\/www.dentbircanturkey.com\/de\/aufbewahrung-und-entsorgung-personenbezogener-daten\/\">Aufbewahrung und Entsorgung personenbezogener Daten<\/a><\/span><\/li>\n<li class=\"bullet-arrow\"><a href=\"https:\/\/www.dentbircanturkey.com\/de\/datenschutz-und-cookie-richtlinie\/\"><span style=\"font-size: 90%;\">Datenschutz- und Cookie-Richtlinie<\/span><\/a><\/li>\n<li class=\"bullet-arrow\"><span style=\"font-size: 90%;\"><a class=\"row-title\" href=\"https:\/\/www.dentbircanturkey.com\/de\/anmeldeformular\/\" aria-label=\"\u201cAnmeldeformular\u201d (D\u00fczenle)\">Anmeldeformular<\/a><\/span><\/li>\n<\/ul>\n\t\t\n<style>\n#text-142616261 {\n  color: rgb(0,0,0);\n}\n#text-142616261 > * {\n  color: rgb(0,0,0);\n}\n<\/style>\n\t<\/div>\n\t\n\t\t<\/div>\n\t\t\t\t\t<\/div>\n\n\t\n<\/div>\n\t\t<\/div>\n\t\t\t\t\t<\/div>\n\n\t\n<\/div>\n<div class=\"row\"  id=\"row-446227222\">\n\n\t<div id=\"col-56579544\" class=\"col small-12 large-12\"  >\n\t\t\t\t<div class=\"col-inner\"  >\n\t\t\t\n\t\t\t\n<p style=\"text-align: center;\"><span style=\"font-size: 75%; color: #000000;\">Alle Rechte vorbehalten. | <a href=\"https:\/\/www.webreta.com.tr\/\"><img loading=\"lazy\" decoding=\"async\" class=\"alignnone wp-image-358\" src=\"https:\/\/www.dentbircanturkey.com\/wp-content\/uploads\/2023\/04\/Calisma-Yuzeyi-1-kopya-19-300x199.png\" alt=\"\" width=\"76\" height=\"50\" srcset=\"https:\/\/www.dentbircanturkey.com\/wp-content\/uploads\/2023\/04\/Calisma-Yuzeyi-1-kopya-19-300x199.png 300w, https:\/\/www.dentbircanturkey.com\/wp-content\/uploads\/2023\/04\/Calisma-Yuzeyi-1-kopya-19.png 364w\" sizes=\"auto, (max-width: 76px) 100vw, 76px\" \/><\/a>&#8211; <a href=\"https:\/\/www.team35medyaajansi.com\/\"><img loading=\"lazy\" decoding=\"async\" class=\"alignnone wp-image-357\" src=\"https:\/\/www.dentbircanturkey.com\/wp-content\/uploads\/2023\/04\/YaziLogo-300x72.png\" alt=\"\" width=\"59\" height=\"14\" srcset=\"https:\/\/www.dentbircanturkey.com\/wp-content\/uploads\/2023\/04\/YaziLogo-300x72.png 300w, https:\/\/www.dentbircanturkey.com\/wp-content\/uploads\/2023\/04\/YaziLogo.png 720w\" sizes=\"auto, (max-width: 59px) 100vw, 59px\" \/><\/a><br \/><\/span><\/p>\n\t\t<\/div>\n\t\t\t\t\t<\/div>\n\n\t\n<\/div>\n\t\t<\/div>\n\n\t\t\n<style>\n#section_880008029 {\n  padding-top: 0px;\n  padding-bottom: 0px;\n  background-color: rgb(255, 255, 255);\n}\n#section_880008029 .ux-shape-divider--top svg {\n  height: 150px;\n  --divider-top-width: 100%;\n}\n#section_880008029 .ux-shape-divider--bottom svg {\n  height: 150px;\n  --divider-width: 100%;\n}\n@media (min-width:550px) {\n  #section_880008029 {\n    padding-top: 0px;\n    padding-bottom: 0px;\n  }\n}\n<\/style>\n\t<\/section>\n\t\n","protected":false},"excerpt":{"rendered":"","protected":false},"author":1,"featured_media":0,"parent":0,"menu_order":0,"comment_status":"closed","ping_status":"closed","template":"page-blank.php","meta":{"footnotes":""},"class_list":["post-719","page","type-page","status-publish","hentry"],"_links":{"self":[{"href":"https:\/\/www.dentbircanturkey.com\/index.php?rest_route=\/wp\/v2\/pages\/719","targetHints":{"allow":["GET"]}}],"collection":[{"href":"https:\/\/www.dentbircanturkey.com\/index.php?rest_route=\/wp\/v2\/pages"}],"about":[{"href":"https:\/\/www.dentbircanturkey.com\/index.php?rest_route=\/wp\/v2\/types\/page"}],"author":[{"embeddable":true,"href":"https:\/\/www.dentbircanturkey.com\/index.php?rest_route=\/wp\/v2\/users\/1"}],"replies":[{"embeddable":true,"href":"https:\/\/www.dentbircanturkey.com\/index.php?rest_route=%2Fwp%2Fv2%2Fcomments&post=719"}],"version-history":[{"count":7,"href":"https:\/\/www.dentbircanturkey.com\/index.php?rest_route=\/wp\/v2\/pages\/719\/revisions"}],"predecessor-version":[{"id":1518,"href":"https:\/\/www.dentbircanturkey.com\/index.php?rest_route=\/wp\/v2\/pages\/719\/revisions\/1518"}],"wp:attachment":[{"href":"https:\/\/www.dentbircanturkey.com\/index.php?rest_route=%2Fwp%2Fv2%2Fmedia&parent=719"}],"curies":[{"name":"wp","href":"https:\/\/api.w.org\/{rel}","templated":true}]}}