{"id":736,"date":"2023-04-30T20:34:48","date_gmt":"2023-04-30T20:34:48","guid":{"rendered":"http:\/\/www.dentbircanturkey.com\/?page_id=736"},"modified":"2023-05-19T11:57:42","modified_gmt":"2023-05-19T11:57:42","slug":"entdecken-sie-izmir","status":"publish","type":"page","link":"https:\/\/www.dentbircanturkey.com\/?page_id=736&lang=de","title":{"rendered":"Entdecken Sie Izmir"},"content":{"rendered":"  <div id=\"page-header-1095244386\" class=\"page-header-wrapper\">\n  <div class=\"page-title dark featured-title\">\n\n    \n    <div class=\"page-title-inner container align-center flex-row medium-flex-wrap\" >\n              <div class=\"title-wrapper flex-col text-left medium-text-center\">\n          <h1 class=\"entry-title mb-0\">\n            Entdecken Sie Izmir          <\/h1>\n        <\/div>\n                    <div class=\"title-content flex-col flex-right text-right medium-text-center\">\n              <\/div>\n    <\/div>\n\n       <\/div>\n    <\/div>\n  \n\t<section class=\"section\" id=\"section_312150161\">\n\t\t<div class=\"bg section-bg fill bg-fill  bg-loaded\" >\n\n\t\t\t\n\t\t\t\n\t\t\t\n\n\t\t<\/div>\n\n\t\t\n\n\t\t<div class=\"section-content relative\">\n\t\t\t\n<div class=\"row row-small\"  id=\"row-921699282\">\n\n\t<div id=\"col-441325163\" class=\"col medium-6 small-12 large-6\"  >\n\t\t\t\t<div class=\"col-inner box-shadow-2\" style=\"background-color:rgba(0,13,112,0.965);\" >\n\t\t\t\n\t\t\t\n\n  <div class=\"banner has-hover\" id=\"banner-1074512917\">\n          <div class=\"banner-inner fill\">\n        <div class=\"banner-bg fill\" >\n            <div class=\"bg fill bg-fill \"><\/div>\n                                    \n                    <\/div>\n\t\t\n        <div class=\"banner-layers container\">\n            <div class=\"fill banner-link\"><\/div>            \n        <\/div>\n      <\/div>\n\n            \n<style>\n#banner-1074512917 {\n  padding-top: 200px;\n}\n#banner-1074512917 .bg.bg-loaded {\n  background-image: url(https:\/\/www.dentbircanturkey.com\/wp-content\/uploads\/2023\/05\/istockphoto-485947800-612x612-1.jpg);\n}\n#banner-1074512917 .ux-shape-divider--top svg {\n  height: 150px;\n  --divider-top-width: 100%;\n}\n#banner-1074512917 .ux-shape-divider--bottom svg {\n  height: 150px;\n  --divider-width: 100%;\n}\n@media (min-width:550px) {\n  #banner-1074512917 {\n    padding-top: 500px;\n  }\n}\n<\/style>\n  <\/div>\n\n\n\t\t<\/div>\n\t\t\t\t\n<style>\n#col-441325163 > .col-inner {\n  padding: 3px 3px 3px 3px;\n}\n<\/style>\n\t<\/div>\n\n\t\n\n\t<div id=\"col-2087099133\" class=\"col medium-6 small-12 large-6\"  >\n\t\t\t\t<div class=\"col-inner\"  >\n\t\t\t\n\t\t\t\n<p><span style=\"color: #004da6;\"><strong><span style=\"font-size: 120%;\">Entdecken Sie die nat\u00fcrliche Sch\u00f6nheit und historischen Reicht\u00fcmer von Izmir&#8230;<\/span><\/strong><\/span><\/p>\n<p>Izmir ist eine K\u00fcstenstadt im Westen der T\u00fcrkei und geh\u00f6rt zu den beliebtesten Urlaubsorten des Landes. Izmir ist bekannt f\u00fcr seine nat\u00fcrliche Sch\u00f6nheit, reiche Geschichte und kulturelles Erbe. Besonders im Sommer str\u00f6men Touristen nach Izmir, das mit seinen perfekten Str\u00e4nden, warmer Atmosph\u00e4re und einzigartigen Landschaften beeindruckt.<\/p>\n<p>Izmir liegt an der K\u00fcste des \u00c4g\u00e4ischen Meeres und verf\u00fcgt \u00fcber eine K\u00fcstenlinie von 300 Kilometern. Die Str\u00e4nde sind wei\u00df und das Meer hat t\u00fcrkisblaue Farbe. Einige der Str\u00e4nde sind nahe dem Stadtzentrum, w\u00e4hrend andere in ruhigeren und nat\u00fcrlicheren Umgebungen zu finden sind. In ber\u00fchmten Urlaubsorten wie Cesme, Alacati und Urla gibt es erstklassige Hotels und Restaurants.<\/p>\n<p>Die historische und kulturelle Vielfalt von Izmir ist ebenfalls sehenswert. Es verf\u00fcgt \u00fcber viele historische Geb\u00e4ude wie die Agora Antike Stadt, die Burg Kadifekale, den Konak-Platz, den Kemeralti Basar und den Uhrturm. Dar\u00fcber hinaus ist die antike Stadt Bergama in Izmir auf der UNESCO-Weltkulturerbe-Liste.<\/p>\n\t\t<\/div>\n\t\t\t\t\t<\/div>\n\n\t\n\n\t<div id=\"col-632418897\" class=\"col small-12 large-12\"  >\n\t\t\t\t<div class=\"col-inner\"  >\n\t\t\t\n\t\t\t\n<p>Die nat\u00fcrliche Sch\u00f6nheit von Izmir z\u00e4hlt zu den beliebtesten touristischen Orten f\u00fcr Urlauber. Das Haus der Maria in der N\u00e4he der antiken Stadt Ephesus ist bekannt f\u00fcr seine herrliche Aussicht auf das Meer und seine bezaubernde Atmosph\u00e4re. Der Nationalpark Dilek-Halbinsel in Kusadasi ist ein gro\u00dfartiger Ort f\u00fcr Wanderungen und Naturausfl\u00fcge. Der Bafa-See ist ein Ort, der mit seiner nat\u00fcrlichen Sch\u00f6nheit, historischen \u00dcberresten und atemberaubenden Aussichten darauf wartet, entdeckt zu werden.<\/p>\n<div class=\"is-divider divider clearfix\" style=\"max-width:100%;height:1px;background-color:rgb(0, 77, 166);\"><\/div>\n\t\t<\/div>\n\t\t\t\t\t<\/div>\n\n\t\n\n\t<div id=\"col-781198097\" class=\"col medium-6 small-12 large-6\"  >\n\t\t\t\t<div class=\"col-inner box-shadow-2\" style=\"background-color:rgba(0,13,112,0.965);\" >\n\t\t\t\n\t\t\t\n\n  <div class=\"banner has-hover\" id=\"banner-1564985345\">\n          <div class=\"banner-inner fill\">\n        <div class=\"banner-bg fill\" >\n            <div class=\"bg fill bg-fill \"><\/div>\n                                    \n                    <\/div>\n\t\t\n        <div class=\"banner-layers container\">\n            <div class=\"fill banner-link\"><\/div>            \n        <\/div>\n      <\/div>\n\n            \n<style>\n#banner-1564985345 {\n  padding-top: 200px;\n}\n#banner-1564985345 .bg.bg-loaded {\n  background-image: url(https:\/\/www.dentbircanturkey.com\/wp-content\/uploads\/2023\/05\/cesme_ic3.jpg);\n}\n#banner-1564985345 .ux-shape-divider--top svg {\n  height: 150px;\n  --divider-top-width: 100%;\n}\n#banner-1564985345 .ux-shape-divider--bottom svg {\n  height: 150px;\n  --divider-width: 100%;\n}\n@media (min-width:550px) {\n  #banner-1564985345 {\n    padding-top: 450px;\n  }\n}\n<\/style>\n  <\/div>\n\n\n\t\t<\/div>\n\t\t\t\t\n<style>\n#col-781198097 > .col-inner {\n  padding: 3px 3px 3px 3px;\n}\n<\/style>\n\t<\/div>\n\n\t\n\n\t<div id=\"col-163212942\" class=\"col medium-6 small-12 large-6\"  >\n\t\t\t\t<div class=\"col-inner\"  >\n\t\t\t\n\t\t\t\n<p><span style=\"font-size: 120%;\"><strong><span style=\"color: #004da6;\">Die beliebte Stadt der Touristen&#8230;<\/span><\/strong><\/span><\/p>\n<p>W\u00e4hrend Touristen im Sommer Str\u00e4nde zum Sonnenbaden, Schwimmen und Wassersport bevorzugen, ist es im Fr\u00fchling und Herbst die perfekte Zeit, um die nat\u00fcrlichen Sch\u00f6nheiten zu entdecken. Im Winter ist es hingegen eine gro\u00dfartige Zeit, um Izmir&#8217;s historische und kulturelle Sch\u00e4tze zu erkunden.<\/p>\n<p>Die nat\u00fcrlichen Sch\u00f6nheiten geh\u00f6ren zu den beliebtesten touristischen Zielen. Das Haus der Jungfrau Maria in der N\u00e4he der antiken Stadt Ephesus ist bekannt f\u00fcr seine herrliche Meeresaussicht und faszinierende Atmosph\u00e4re. Der Nationalpark Dilek Yar\u0131madas\u0131 in Ku\u015fadas\u0131 ist ein idealer Ort f\u00fcr tolle Wanderungen und Spazierg\u00e4nge in der Natur. Der Bafa See wartet darauf, entdeckt zu werden, mit seiner nat\u00fcrlichen Sch\u00f6nheit, historischen Ruinen und herrlichen Aussichten.<\/p>\n<p>W\u00e4hrend im Sommer die Str\u00e4nde zum Sonnenbaden, Schwimmen und Wassersport bevorzugt werden, ist es im Winter eine gro\u00dfartige Zeit, um Izmir&#8217;s historische und kulturelle Sch\u00e4tze zu erkunden.<\/p>\n\t\t<\/div>\n\t\t\t\t\t<\/div>\n\n\t\n\n\t<div id=\"col-532633729\" class=\"col small-12 large-12\"  >\n\t\t\t\t<div class=\"col-inner\"  >\n\t\t\t\n\t\t\t\n<p>Unter den Lieblingsaktivit\u00e4ten der Urlauber in Izmir z\u00e4hlen das Genie\u00dfen von Meer, Strand und Sonne, der Besuch historischer Orte, Wanderungen in der Natur, das Essen k\u00f6stlicher Gerichte und Einkaufstouren. In Izmir werden k\u00f6stliche Gerichte wie Meeresfr\u00fcchte, Gerichte mit Oliven\u00f6l, lokale Spezialit\u00e4ten und ber\u00fchmte &#8220;Boyoz&#8221; angeboten.<\/p>\n<div class=\"is-divider divider clearfix\" style=\"max-width:100%;height:1px;background-color:rgb(0, 77, 166);\"><\/div>\n\t\t<\/div>\n\t\t\t\t\t<\/div>\n\n\t\n\n\t<div id=\"col-1393641489\" class=\"col medium-6 small-12 large-6\"  >\n\t\t\t\t<div class=\"col-inner box-shadow-2\" style=\"background-color:rgba(0,13,112,0.965);\" >\n\t\t\t\n\t\t\t\n\n  <div class=\"banner has-hover\" id=\"banner-1599340008\">\n          <div class=\"banner-inner fill\">\n        <div class=\"banner-bg fill\" >\n            <div class=\"bg fill bg-fill \"><\/div>\n                                    \n                    <\/div>\n\t\t\n        <div class=\"banner-layers container\">\n            <div class=\"fill banner-link\"><\/div>            \n        <\/div>\n      <\/div>\n\n            \n<style>\n#banner-1599340008 {\n  padding-top: 200px;\n}\n#banner-1599340008 .bg.bg-loaded {\n  background-image: url(https:\/\/www.dentbircanturkey.com\/wp-content\/uploads\/2023\/05\/the-beach-of-momo.location.14544.ngo2n8.jpg);\n}\n#banner-1599340008 .ux-shape-divider--top svg {\n  height: 150px;\n  --divider-top-width: 100%;\n}\n#banner-1599340008 .ux-shape-divider--bottom svg {\n  height: 150px;\n  --divider-width: 100%;\n}\n@media (min-width:550px) {\n  #banner-1599340008 {\n    padding-top: 440px;\n  }\n}\n<\/style>\n  <\/div>\n\n\n\t\t<\/div>\n\t\t\t\t\n<style>\n#col-1393641489 > .col-inner {\n  padding: 3px 3px 3px 3px;\n}\n<\/style>\n\t<\/div>\n\n\t\n\n\t<div id=\"col-334654779\" class=\"col medium-6 small-12 large-6\"  >\n\t\t\t\t<div class=\"col-inner\"  >\n\t\t\t\n\t\t\t\n<div class=\"flex flex-grow flex-col gap-3\">\n<div class=\"min-h-&#091;20px&#093; flex flex-col items-start gap-4 whitespace-pre-wrap break-words\">\n<div class=\"markdown prose w-full break-words dark:prose-invert light\">\n<p><span style=\"font-size: 120%;\"><strong><span style=\"color: #004da6;\">F\u00fcr ein tolles Erlebnis&#8230;<\/span><\/strong><\/span><\/p>\n<p>Izmir ist eine der fortschrittlichsten St\u00e4dte der T\u00fcrkei und verf\u00fcgt \u00fcber ein modernes Stadtzentrum. Der Uhrenturm auf dem Konak-Platz hat sich zum Symbol von Izmir entwickelt. Der Kemeralti-Basar wurde mit modernen Gesch\u00e4ften kombiniert und hat dabei seinen historischen Charakter bewahrt. Das Viertel Alsancak ist f\u00fcr sein lebhaftes Nachtleben, Restaurants und Bars bekannt.<\/p>\n<p>Ein weiterer Vorteil von Izmir sind die Verkehrsm\u00f6glichkeiten. Mit einem internationalen Flughafen ist Izmir von vielen St\u00e4dten in der T\u00fcrkei leicht mit dem Bus, Zug oder Flugzeug zu erreichen.<\/p>\n<p>Zusammenfassend ist Izmir einer der beliebtesten Urlaubsorte in der T\u00fcrkei und lockt Touristen mit seiner nat\u00fcrlichen Sch\u00f6nheit, historischen und kulturellen Erbe an. Seine Str\u00e4nde, leckeres Essen, modernes Stadtzentrum und lebhaftes Nachtleben bieten viele Gr\u00fcnde, Izmir zu entdecken. Ein Besuch in Izmir ist eine gro\u00dfartige Gelegenheit, ein unvergessliches Urlaubserlebnis zu erleben.<\/p>\n<\/div>\n<\/div>\n<\/div>\n\t\t<\/div>\n\t\t\t\t\t<\/div>\n\n\t\n<\/div>\n\t\t<\/div>\n\n\t\t\n<style>\n#section_312150161 {\n  padding-top: 30px;\n  padding-bottom: 30px;\n}\n#section_312150161 .ux-shape-divider--top svg {\n  height: 150px;\n  --divider-top-width: 100%;\n}\n#section_312150161 .ux-shape-divider--bottom svg {\n  height: 150px;\n  --divider-width: 100%;\n}\n<\/style>\n\t<\/section>\n\t\n\t<section class=\"section dark\" id=\"section_301488343\">\n\t\t<div class=\"bg section-bg fill bg-fill  bg-loaded\" >\n\n\t\t\t\n\t\t\t\n\t\t\t\n\n\t\t<\/div>\n\n\t\t\n\n\t\t<div class=\"section-content relative\">\n\t\t\t\n<div class=\"is-divider divider clearfix\" style=\"max-width:100%;background-color:rgb(26, 56, 113);\"><\/div>\n\t<div id=\"gap-1913747735\" class=\"gap-element clearfix hide-for-medium\" style=\"display:block; height:auto;\">\n\t\t\n<style>\n#gap-1913747735 {\n  padding-top: 30px;\n}\n<\/style>\n\t<\/div>\n\t\n\t<div id=\"gap-761232698\" class=\"gap-element clearfix\" style=\"display:block; height:auto;\">\n\t\t\n<style>\n#gap-761232698 {\n  padding-top: 30px;\n}\n<\/style>\n\t<\/div>\n\t\n<div class=\"row\"  id=\"row-107721621\">\n\n\t<div id=\"col-187840521\" class=\"col medium-12 small-12 large-4\"  >\n\t\t\t\t<div class=\"col-inner text-center\"  >\n\t\t\t\n\t\t\t\n<div class=\"row row-small\"  id=\"row-1222398758\">\n\n\t<div id=\"col-253071200\" class=\"col medium-6 small-6 large-6\"  data-animate=\"flipInY\">\n\t\t\t\t<div class=\"col-inner text-right\"  >\n\t\t\t\n\t\t\t\n\t<div class=\"img has-hover x md-x lg-x y md-y lg-y\" id=\"image_77395964\">\n\t\t\t\t\t\t\t\t<div class=\"img-inner dark\" >\n\t\t\t<img loading=\"lazy\" decoding=\"async\" width=\"900\" height=\"900\" src=\"https:\/\/www.dentbircanturkey.com\/wp-content\/uploads\/2023\/04\/20200316220122Saglikbakanligi_logo.png\" class=\"attachment-large size-large\" alt=\"\" srcset=\"https:\/\/www.dentbircanturkey.com\/wp-content\/uploads\/2023\/04\/20200316220122Saglikbakanligi_logo.png 900w, https:\/\/www.dentbircanturkey.com\/wp-content\/uploads\/2023\/04\/20200316220122Saglikbakanligi_logo-300x300.png 300w, https:\/\/www.dentbircanturkey.com\/wp-content\/uploads\/2023\/04\/20200316220122Saglikbakanligi_logo-150x150.png 150w, https:\/\/www.dentbircanturkey.com\/wp-content\/uploads\/2023\/04\/20200316220122Saglikbakanligi_logo-768x768.png 768w\" sizes=\"auto, (max-width: 900px) 100vw, 900px\" \/>\t\t\t\t\t\t\n\t\t\t\t\t<\/div>\n\t\t\t\t\t\t\t\t\n<style>\n#image_77395964 {\n  width: 60%;\n}\n@media (min-width:550px) {\n  #image_77395964 {\n    width: 50%;\n  }\n}\n<\/style>\n\t<\/div>\n\t\n\t\t<\/div>\n\t\t\t\t\t<\/div>\n\n\t\n\n\t<div id=\"col-2094188086\" class=\"col medium-6 small-6 large-6\"  data-animate=\"flipInY\">\n\t\t\t\t<div class=\"col-inner\"  >\n\t\t\t\n\t\t\t\n\t<div class=\"img has-hover x md-x lg-x y md-y lg-y\" id=\"image_1534043935\">\n\t\t\t\t\t\t\t\t<div class=\"img-inner dark\" >\n\t\t\t<img loading=\"lazy\" decoding=\"async\" width=\"371\" height=\"380\" src=\"https:\/\/www.dentbircanturkey.com\/wp-content\/uploads\/2023\/04\/Screenshot_4-removebg-preview.png\" class=\"attachment-large size-large\" alt=\"\" srcset=\"https:\/\/www.dentbircanturkey.com\/wp-content\/uploads\/2023\/04\/Screenshot_4-removebg-preview.png 371w, https:\/\/www.dentbircanturkey.com\/wp-content\/uploads\/2023\/04\/Screenshot_4-removebg-preview-293x300.png 293w\" sizes=\"auto, (max-width: 371px) 100vw, 371px\" \/>\t\t\t\t\t\t\n\t\t\t\t\t<\/div>\n\t\t\t\t\t\t\t\t\n<style>\n#image_1534043935 {\n  width: 60%;\n}\n@media (min-width:550px) {\n  #image_1534043935 {\n    width: 52%;\n  }\n}\n<\/style>\n\t<\/div>\n\t\n\t\t<\/div>\n\t\t\t\t\t<\/div>\n\n\t\n<\/div>\n\t<div id=\"gap-845674647\" class=\"gap-element clearfix\" style=\"display:block; height:auto;\">\n\t\t\n<style>\n#gap-845674647 {\n  padding-top: 10px;\n}\n<\/style>\n\t<\/div>\n\t\n\t<div id=\"text-3419353752\" class=\"text\">\n\t\t\n<p>Narl\u0131, Mithatpa\u015fa Cd. No: 224\/A, 35320 Narl\u0131dere\/\u0130zmir<br \/>\n\t\t\n<style>\n#text-3419353752 {\n  text-align: center;\n  color: rgb(0,0,0);\n}\n#text-3419353752 > * {\n  color: rgb(0,0,0);\n}\n<\/style>\n\t<\/div>\n\t\n<a href=\"tel:+90%20552%20883%2055%2066\" target=\"_self\" class=\"button primary is-outline is-small\"  >\n  <i class=\"icon-phone\" aria-hidden=\"true\" ><\/i>  <span>Jetzt Anrufen<\/span>\n  <\/a>\n\n<a href=\"mailto:info@dentbircanturkey.com\" target=\"_self\" class=\"button primary is-outline is-small\"  >\n  <i class=\"icon-envelop\" aria-hidden=\"true\" ><\/i>  <span>E-Mail senden<\/span>\n  <\/a>\n\n\t\t<\/div>\n\t\t\t\t\t<\/div>\n\n\t\n\n\t<div id=\"col-2016781454\" class=\"col medium-12 small-12 large-8\"  >\n\t\t\t\t<div class=\"col-inner\"  >\n\t\t\t\n\t\t\t\n<div class=\"row row-small\"  id=\"row-2038516284\">\n\n\t<div id=\"col-1111794977\" class=\"col medium-4 small-12 large-4\"  >\n\t\t\t\t<div class=\"col-inner\"  >\n\t\t\t\n\t\t\t\n\t<div id=\"text-3082974421\" class=\"text\">\n\t\t\n<h4>Dienstleistungen<\/h4>\n<ul>\n<li class=\"bullet-arrow\"><span style=\"font-size: 90%;\"><a href=\"https:\/\/www.dentbircanturkey.com\/de\/dienstleistungen\/#dbleaching\">Bleichen<\/a><\/span><\/li>\n<li class=\"bullet-arrow\"><span style=\"font-size: 90%;\"><a href=\"https:\/\/www.dentbircanturkey.com\/de\/dienstleistungen\/#dimplant\">\u0130mplantierent<\/a><\/span><\/li>\n<li class=\"bullet-arrow\"><span style=\"font-size: 90%;\"><a href=\"https:\/\/www.dentbircanturkey.com\/de\/dienstleistungen\/#dendodonti\">Endodontie<\/a><\/span><\/li>\n<li class=\"bullet-arrow\"><span style=\"font-size: 90%;\"><a href=\"https:\/\/www.dentbircanturkey.com\/de\/dienstleistungen\/#dzirkonyum\">Zirkoniumbeschichtung<\/a><\/span><\/li>\n<li class=\"bullet-arrow\"><span style=\"font-size: 90%;\"><a href=\"https:\/\/www.dentbircanturkey.com\/de\/dienstleistungen\/#ddijital\">Digitale Zahnmedizin<\/a><\/span><\/li>\n<li class=\"bullet-arrow\"><span style=\"font-size: 90%;\"><a href=\"https:\/\/www.dentbircanturkey.com\/de\/dienstleistungen\/#dortodonti\">Kieferorthop\u00e4die<\/a><\/span><\/li>\n<li class=\"bullet-arrow\"><span style=\"font-size: 90%;\"><a href=\"https:\/\/www.dentbircanturkey.com\/de\/dienstleistungen\/#d\u00e7ene\">Maxillofaziale Chirurgie<\/a><\/span><\/li>\n<li class=\"bullet-arrow\"><span style=\"font-size: 90%;\"><a href=\"https:\/\/www.dentbircanturkey.com\/de\/dienstleistungen\/#dg\u00fcl\u00fc\u015f\">L\u00e4cheln-Design<\/a><\/span><\/li>\n<\/ul>\n\t\t\n<style>\n#text-3082974421 {\n  color: rgb(0,0,0);\n}\n#text-3082974421 > * {\n  color: rgb(0,0,0);\n}\n<\/style>\n\t<\/div>\n\t\n\t\t<\/div>\n\t\t\t\t\t<\/div>\n\n\t\n\n\t<div id=\"col-1119274778\" class=\"col medium-4 small-12 large-4\"  >\n\t\t\t\t<div class=\"col-inner\"  >\n\t\t\t\n\t\t\t\n\t<div id=\"text-2369615630\" class=\"text\">\n\t\t\n<h4>Schnellmen\u00fc<\/h4>\n<ul>\n<li class=\"bullet-arrow\"><span style=\"font-size: 90%;\"><a href=\"https:\/\/www.dentbircanturkey.com\/de\/startseite\/\">Startseite<\/a><\/span><\/li>\n<li class=\"bullet-arrow\"><span style=\"font-size: 90%;\"><a href=\"https:\/\/www.dentbircanturkey.com\/de\/unsere-aerzte\/\">Unsere \u00c4rzte<\/a><\/span><\/li>\n<li class=\"bullet-arrow\"><span style=\"font-size: 90%;\"><a href=\"https:\/\/www.dentbircanturkey.com\/de\/dienstleistungen\/\">Dienstleistungen<\/a><\/span><\/li>\n<li class=\"bullet-arrow\"><span style=\"font-size: 90%;\"><a href=\"https:\/\/www.dentbircanturkey.com\/de\/entdecken-sie-izmir\/\">Entdecken Sie Izmir<\/a><\/span><\/li>\n<li class=\"bullet-arrow\"><span style=\"font-size: 90%;\"><a href=\"https:\/\/www.dentbircanturkey.com\/de\/roentgen-senden\/\">R\u00f6ntgen Senden<\/a><\/span><\/li>\n<li class=\"bullet-arrow\"><span style=\"font-size: 90%;\"><a href=\"https:\/\/www.dentbircanturkey.com\/de\/kontaktiere-uns\/\">Kontaktiere uns<\/a><\/span><\/li>\n<\/ul>\n\t\t\n<style>\n#text-2369615630 {\n  color: rgb(0,0,0);\n}\n#text-2369615630 > * {\n  color: rgb(0,0,0);\n}\n<\/style>\n\t<\/div>\n\t\n\t\t<\/div>\n\t\t\t\t\t<\/div>\n\n\t\n\n\t<div id=\"col-172692579\" class=\"col medium-4 small-12 large-4\"  >\n\t\t\t\t<div class=\"col-inner\"  >\n\t\t\t\n\t\t\t\n\t<div id=\"text-2407622200\" class=\"text\">\n\t\t\n<h4>Juristische Seiten<\/h4>\n<ul>\n<li class=\"bullet-arrow\"><span style=\"font-size: 90%;\"><a class=\"row-title\" href=\"https:\/\/www.dentbircanturkey.com\/de\/beleuchtungstext\/\" aria-label=\"\u201cBeleuchtungstext\u201d (D\u00fczenle)\">Beleuchtungstext<\/a><\/span><\/li>\n<li class=\"bullet-arrow\"><span style=\"font-size: 90%;\"><a href=\"https:\/\/www.dentbircanturkey.com\/de\/verarbeitung-und-schutz-personenbezogener-daten\/\">Verarbeitung und Schutz personenbezogener Daten<\/a><\/span><\/li>\n<li class=\"bullet-arrow\"><span style=\"font-size: 90%;\"><a href=\"https:\/\/www.dentbircanturkey.com\/de\/aufbewahrung-und-entsorgung-personenbezogener-daten\/\">Aufbewahrung und Entsorgung personenbezogener Daten<\/a><\/span><\/li>\n<li class=\"bullet-arrow\"><a href=\"https:\/\/www.dentbircanturkey.com\/de\/datenschutz-und-cookie-richtlinie\/\"><span style=\"font-size: 90%;\">Datenschutz- und Cookie-Richtlinie<\/span><\/a><\/li>\n<li class=\"bullet-arrow\"><span style=\"font-size: 90%;\"><a class=\"row-title\" href=\"https:\/\/www.dentbircanturkey.com\/de\/anmeldeformular\/\" aria-label=\"\u201cAnmeldeformular\u201d (D\u00fczenle)\">Anmeldeformular<\/a><\/span><\/li>\n<\/ul>\n\t\t\n<style>\n#text-2407622200 {\n  color: rgb(0,0,0);\n}\n#text-2407622200 > * {\n  color: rgb(0,0,0);\n}\n<\/style>\n\t<\/div>\n\t\n\t\t<\/div>\n\t\t\t\t\t<\/div>\n\n\t\n<\/div>\n\t\t<\/div>\n\t\t\t\t\t<\/div>\n\n\t\n<\/div>\n<div class=\"row\"  id=\"row-426519225\">\n\n\t<div id=\"col-2006921744\" class=\"col small-12 large-12\"  >\n\t\t\t\t<div class=\"col-inner\"  >\n\t\t\t\n\t\t\t\n<p style=\"text-align: center;\"><span style=\"font-size: 75%; color: #000000;\">Alle Rechte vorbehalten. | <a href=\"https:\/\/www.webreta.com.tr\/\"><img loading=\"lazy\" decoding=\"async\" class=\"alignnone wp-image-358\" src=\"https:\/\/www.dentbircanturkey.com\/wp-content\/uploads\/2023\/04\/Calisma-Yuzeyi-1-kopya-19-300x199.png\" alt=\"\" width=\"76\" height=\"50\" srcset=\"https:\/\/www.dentbircanturkey.com\/wp-content\/uploads\/2023\/04\/Calisma-Yuzeyi-1-kopya-19-300x199.png 300w, https:\/\/www.dentbircanturkey.com\/wp-content\/uploads\/2023\/04\/Calisma-Yuzeyi-1-kopya-19.png 364w\" sizes=\"auto, (max-width: 76px) 100vw, 76px\" \/><\/a>&#8211; <a href=\"https:\/\/www.team35medyaajansi.com\/\"><img loading=\"lazy\" decoding=\"async\" class=\"alignnone wp-image-357\" src=\"https:\/\/www.dentbircanturkey.com\/wp-content\/uploads\/2023\/04\/YaziLogo-300x72.png\" alt=\"\" width=\"59\" height=\"14\" srcset=\"https:\/\/www.dentbircanturkey.com\/wp-content\/uploads\/2023\/04\/YaziLogo-300x72.png 300w, https:\/\/www.dentbircanturkey.com\/wp-content\/uploads\/2023\/04\/YaziLogo.png 720w\" sizes=\"auto, (max-width: 59px) 100vw, 59px\" \/><\/a><br \/><\/span><\/p>\n\t\t<\/div>\n\t\t\t\t\t<\/div>\n\n\t\n<\/div>\n\t\t<\/div>\n\n\t\t\n<style>\n#section_301488343 {\n  padding-top: 0px;\n  padding-bottom: 0px;\n  background-color: rgb(255, 255, 255);\n}\n#section_301488343 .ux-shape-divider--top svg {\n  height: 150px;\n  --divider-top-width: 100%;\n}\n#section_301488343 .ux-shape-divider--bottom svg {\n  height: 150px;\n  --divider-width: 100%;\n}\n@media (min-width:550px) {\n  #section_301488343 {\n    padding-top: 0px;\n    padding-bottom: 0px;\n  }\n}\n<\/style>\n\t<\/section>\n\t\n","protected":false},"excerpt":{"rendered":"","protected":false},"author":1,"featured_media":0,"parent":0,"menu_order":0,"comment_status":"closed","ping_status":"closed","template":"page-blank.php","meta":{"footnotes":""},"class_list":["post-736","page","type-page","status-publish","hentry"],"_links":{"self":[{"href":"https:\/\/www.dentbircanturkey.com\/index.php?rest_route=\/wp\/v2\/pages\/736","targetHints":{"allow":["GET"]}}],"collection":[{"href":"https:\/\/www.dentbircanturkey.com\/index.php?rest_route=\/wp\/v2\/pages"}],"about":[{"href":"https:\/\/www.dentbircanturkey.com\/index.php?rest_route=\/wp\/v2\/types\/page"}],"author":[{"embeddable":true,"href":"https:\/\/www.dentbircanturkey.com\/index.php?rest_route=\/wp\/v2\/users\/1"}],"replies":[{"embeddable":true,"href":"https:\/\/www.dentbircanturkey.com\/index.php?rest_route=%2Fwp%2Fv2%2Fcomments&post=736"}],"version-history":[{"count":4,"href":"https:\/\/www.dentbircanturkey.com\/index.php?rest_route=\/wp\/v2\/pages\/736\/revisions"}],"predecessor-version":[{"id":1504,"href":"https:\/\/www.dentbircanturkey.com\/index.php?rest_route=\/wp\/v2\/pages\/736\/revisions\/1504"}],"wp:attachment":[{"href":"https:\/\/www.dentbircanturkey.com\/index.php?rest_route=%2Fwp%2Fv2%2Fmedia&parent=736"}],"curies":[{"name":"wp","href":"https:\/\/api.w.org\/{rel}","templated":true}]}}