{"id":742,"date":"2023-04-30T20:35:30","date_gmt":"2023-04-30T20:35:30","guid":{"rendered":"http:\/\/www.dentbircanturkey.com\/?page_id=742"},"modified":"2023-05-19T12:00:15","modified_gmt":"2023-05-19T12:00:15","slug":"roentgen-senden","status":"publish","type":"page","link":"https:\/\/www.dentbircanturkey.com\/?page_id=742&lang=de","title":{"rendered":"R\u00f6ntgen senden"},"content":{"rendered":"  <div id=\"page-header-922872961\" class=\"page-header-wrapper\">\n  <div class=\"page-title dark featured-title\">\n\n    \n    <div class=\"page-title-inner container align-center flex-row medium-flex-wrap\" >\n              <div class=\"title-wrapper flex-col text-left medium-text-center\">\n          <h1 class=\"entry-title mb-0\">\n            R\u00f6ntgen senden          <\/h1>\n        <\/div>\n                    <div class=\"title-content flex-col flex-right text-right medium-text-center\">\n              <\/div>\n    <\/div>\n\n       <\/div>\n    <\/div>\n  \n\t<section class=\"section\" id=\"section_1647494052\">\n\t\t<div class=\"bg section-bg fill bg-fill  bg-loaded\" >\n\n\t\t\t\n\t\t\t\n\t\t\t\n\n\t\t<\/div>\n\n\t\t\n\n\t\t<div class=\"section-content relative\">\n\t\t\t\n\t<div id=\"gap-385759253\" class=\"gap-element clearfix\" style=\"display:block; height:auto;\">\n\t\t\n<style>\n#gap-385759253 {\n  padding-top: 30px;\n}\n<\/style>\n\t<\/div>\n\t\n<div class=\"row row-small\"  id=\"row-291471072\">\n\n\t<div id=\"col-461438338\" class=\"col medium-6 small-12 large-6\"  >\n\t\t\t\t<div class=\"col-inner\"  >\n\t\t\t\n\t\t\t\n<div class=\"row\"  id=\"row-1537391530\">\n\n\t<div id=\"col-1218925569\" class=\"col small-12 large-12\"  >\n\t\t\t\t<div class=\"col-inner box-shadow-2\" style=\"background-color:#43a3aa;\" >\n\t\t\t\n\t\t\t\n\n  <div class=\"banner has-hover\" id=\"banner-1244765138\">\n          <div class=\"banner-inner fill\">\n        <div class=\"banner-bg fill\" >\n            <div class=\"bg fill bg-fill \"><\/div>\n                                    \n                    <\/div>\n\t\t\n        <div class=\"banner-layers container\">\n            <div class=\"fill banner-link\"><\/div>            \n        <\/div>\n      <\/div>\n\n            \n<style>\n#banner-1244765138 {\n  padding-top: 300px;\n  background-color: rgb(255,255,255);\n}\n#banner-1244765138 .bg.bg-loaded {\n  background-image: url(https:\/\/www.dentbircanturkey.com\/wp-content\/uploads\/2023\/04\/dentist-analyzes-x-ray-photo-1024x683.jpg);\n}\n#banner-1244765138 .ux-shape-divider--top svg {\n  height: 150px;\n  --divider-top-width: 100%;\n}\n#banner-1244765138 .ux-shape-divider--bottom svg {\n  height: 150px;\n  --divider-width: 100%;\n}\n<\/style>\n  <\/div>\n\n\n\t\t<\/div>\n\t\t\t\t\n<style>\n#col-1218925569 > .col-inner {\n  padding: 3px 3px 3px 3px;\n}\n<\/style>\n\t<\/div>\n\n\t\n<\/div>\n<h2 id=\"tw-target-text\" class=\"tw-data-text tw-text-large tw-ta\" dir=\"ltr\" data-placeholder=\"\u00c7eviri\"><span class=\"Y2IQFc\" lang=\"de\" style=\"color: #000000;\">Schicken Sie uns R\u00f6ntgenbilder<\/span><\/h2>\n<p>Um eine bessere Bewertung Ihres Zahngesundheitszustands zu erm\u00f6glichen, senden Sie uns bitte Ihre Zahn-R\u00f6ntgenbilder. Sie k\u00f6nnen uns direkt f\u00fcr alle Details kontaktieren, die Sie interessieren.<\/p>\n<a class=\"button primary is-outline\"  style=\"border-radius:10px;\">\n    <span>Kontaktiere Uns<\/span>\n  <i class=\"icon-angle-right\" aria-hidden=\"true\" ><\/i><\/a>\n\n\t\t<\/div>\n\t\t\t\t\n<style>\n#col-461438338 > .col-inner {\n  padding: 0px 0px 0px 0px;\n}\n<\/style>\n\t<\/div>\n\n\t\n\n\t<div id=\"col-1877692277\" class=\"col medium-6 small-12 large-6\"  >\n\t\t\t\t<div class=\"col-inner box-shadow-2\" style=\"background-color:rgb(243, 243, 243);\" >\n\t\t\t\n\t\t\t\n<h2 id=\"tw-target-text\" class=\"tw-data-text tw-text-large tw-ta\" dir=\"ltr\" data-placeholder=\"\u00c7eviri\"><span class=\"Y2IQFc\" lang=\"de\" style=\"color: #43a3aa;\">R\u00f6ntgeneinreichungsformular<\/span><\/h2>\n<div class=\"is-divider divider clearfix\" style=\"max-width:100%;\"><\/div>\n\n<div class=\"wpcf7 no-js\" id=\"wpcf7-f1291-o1\" lang=\"tr-TR\" dir=\"ltr\">\n<div class=\"screen-reader-response\"><p role=\"status\" aria-live=\"polite\" aria-atomic=\"true\"><\/p> <ul><\/ul><\/div>\n<form action=\"\/index.php?rest_route=%2Fwp%2Fv2%2Fpages%2F742#wpcf7-f1291-o1\" method=\"post\" class=\"wpcf7-form init\" aria-label=\"Contact form\" enctype=\"multipart\/form-data\" novalidate=\"novalidate\" data-status=\"init\">\n<div style=\"display: none;\">\n<input type=\"hidden\" name=\"_wpcf7\" value=\"1291\" \/>\n<input type=\"hidden\" name=\"_wpcf7_version\" value=\"5.7.6\" \/>\n<input type=\"hidden\" name=\"_wpcf7_locale\" value=\"tr_TR\" \/>\n<input type=\"hidden\" name=\"_wpcf7_unit_tag\" value=\"wpcf7-f1291-o1\" \/>\n<input type=\"hidden\" name=\"_wpcf7_container_post\" value=\"0\" \/>\n<input type=\"hidden\" name=\"_wpcf7_posted_data_hash\" value=\"\" \/>\n<\/div>\n<p><label> Vorname \/ Familienname<br \/>\n<span class=\"wpcf7-form-control-wrap\" data-name=\"your-name\"><input size=\"40\" class=\"wpcf7-form-control wpcf7-text wpcf7-validates-as-required\" aria-required=\"true\" aria-invalid=\"false\" value=\"\" type=\"text\" name=\"your-name\" \/><\/span> <\/label>\n<\/p>\n<p><label> E-mail<br \/>\n<span class=\"wpcf7-form-control-wrap\" data-name=\"your-email\"><input size=\"40\" class=\"wpcf7-form-control wpcf7-text wpcf7-email wpcf7-validates-as-required wpcf7-validates-as-email\" aria-required=\"true\" aria-invalid=\"false\" value=\"\" type=\"email\" name=\"your-email\" \/><\/span> <\/label>\n<\/p>\n<p><label> Telefon<br \/>\n<span class=\"wpcf7-form-control-wrap\" data-name=\"tel-162\"><input size=\"40\" class=\"wpcf7-form-control wpcf7-text wpcf7-tel wpcf7-validates-as-tel\" aria-invalid=\"false\" value=\"\" type=\"tel\" name=\"tel-162\" \/><\/span> <\/label>\n<\/p>\n<p><label> Thema<br \/>\n<span class=\"wpcf7-form-control-wrap\" data-name=\"your-subject\"><input size=\"40\" class=\"wpcf7-form-control wpcf7-text wpcf7-validates-as-required\" aria-required=\"true\" aria-invalid=\"false\" value=\"\" type=\"text\" name=\"your-subject\" \/><\/span> <\/label>\n<\/p>\n<p><label> Schicken Sie Ihre R\u00f6ntgenbilder (png, jpg, jpeg, pdf)<br \/>\n<div id=\"mfcf7_zl_multifilecontainer\"><span class=\"mfcf7-zl-multiline-sample\" style=\"display:none\"><p class=\"wpcf7-form-control-wrap multilinefile-560\"><input size=\"40\" class=\"wpcf7-form-control wpcf7-multilinefile\" multiple=\"multiple\" value=\"Datei aussuchen\" aria-invalid=\"false\" type=\"file\" name=\"multilinefile-560[]\" \/> <span class=\"mfcf7-zl-multifile-name\"><\/span><a href=\"javascript:void(0);\" class=\"mfcf7_zl_delete_file\"><span class=\"delete-file\" aria-hidden=\"true\">&#x274C;<\/span><\/a><\/p><\/span><\/div><span class=\"wpcf7-form-control-wrap zl-form-control-wrap multilinefile-560\"><input size=\"40\" class=\"wpcf7-form-control wpcf7-multilinefile\" multiple=\"multiple\" value=\"Datei aussuchen\" aria-invalid=\"false\" type=\"file\" name=\"multilinefile-560[]\" \/> <span class=\"mfcf7-zl-multifile-name\"><\/span><a href=\"javascript:void(0);\" class=\"mfcf7_zl_delete_file\"><span class=\"delete-file\" aria-hidden=\"true\">&#x274C;<\/span><\/a><\/span><p><label><span class=\"wpcf7-form-control-wrap\" data-name=\"multilinefile-560-zl-mfcf7-upld-btn\"><input type=\"button\" name=\"multilinefile-560-zl-mfcf7-upld-btn\" class=\"button button-primary qbutton\" id=\"mfcf7_zl_add_file\" value=\"Datei aussuchen\"><\/span><\/label><\/p><\/label>\n<\/p>\n<p><label> Ihre Nachricht<br \/>\n<span class=\"wpcf7-form-control-wrap\" data-name=\"your-message\"><textarea cols=\"40\" rows=\"10\" class=\"wpcf7-form-control wpcf7-textarea\" aria-invalid=\"false\" name=\"your-message\"><\/textarea><\/span> <\/label>\n<\/p>\n<p><input class=\"wpcf7-form-control has-spinner wpcf7-submit\" type=\"submit\" value=\"Schicken\" \/>\n<\/p><div class=\"wpcf7-response-output\" aria-hidden=\"true\"><\/div>\n<\/form>\n<\/div>\n\n\t\t<\/div>\n\t\t\t\t\n<style>\n#col-1877692277 > .col-inner {\n  padding: 20px 20px 0px 20px;\n  border-radius: 10px;\n}\n<\/style>\n\t<\/div>\n\n\t\n<\/div>\n\t\t<\/div>\n\n\t\t\n<style>\n#section_1647494052 {\n  padding-top: 0px;\n  padding-bottom: 0px;\n}\n#section_1647494052 .ux-shape-divider--top svg {\n  height: 150px;\n  --divider-top-width: 100%;\n}\n#section_1647494052 .ux-shape-divider--bottom svg {\n  height: 150px;\n  --divider-width: 100%;\n}\n<\/style>\n\t<\/section>\n\t\n\t<section class=\"section dark\" id=\"section_1077170716\">\n\t\t<div class=\"bg section-bg fill bg-fill  bg-loaded\" >\n\n\t\t\t\n\t\t\t\n\t\t\t\n\n\t\t<\/div>\n\n\t\t\n\n\t\t<div class=\"section-content relative\">\n\t\t\t\n<div class=\"is-divider divider clearfix\" style=\"max-width:100%;background-color:rgb(26, 56, 113);\"><\/div>\n\t<div id=\"gap-1891832024\" class=\"gap-element clearfix hide-for-medium\" style=\"display:block; height:auto;\">\n\t\t\n<style>\n#gap-1891832024 {\n  padding-top: 30px;\n}\n<\/style>\n\t<\/div>\n\t\n\t<div id=\"gap-531113677\" class=\"gap-element clearfix\" style=\"display:block; height:auto;\">\n\t\t\n<style>\n#gap-531113677 {\n  padding-top: 30px;\n}\n<\/style>\n\t<\/div>\n\t\n<div class=\"row\"  id=\"row-53888927\">\n\n\t<div id=\"col-1368077279\" class=\"col medium-12 small-12 large-4\"  >\n\t\t\t\t<div class=\"col-inner text-center\"  >\n\t\t\t\n\t\t\t\n<div class=\"row row-small\"  id=\"row-380999413\">\n\n\t<div id=\"col-1380267362\" class=\"col medium-6 small-6 large-6\"  data-animate=\"flipInY\">\n\t\t\t\t<div class=\"col-inner text-right\"  >\n\t\t\t\n\t\t\t\n\t<div class=\"img has-hover x md-x lg-x y md-y lg-y\" id=\"image_497749069\">\n\t\t\t\t\t\t\t\t<div class=\"img-inner dark\" >\n\t\t\t<img loading=\"lazy\" decoding=\"async\" width=\"900\" height=\"900\" src=\"https:\/\/www.dentbircanturkey.com\/wp-content\/uploads\/2023\/04\/20200316220122Saglikbakanligi_logo.png\" class=\"attachment-large size-large\" alt=\"\" srcset=\"https:\/\/www.dentbircanturkey.com\/wp-content\/uploads\/2023\/04\/20200316220122Saglikbakanligi_logo.png 900w, https:\/\/www.dentbircanturkey.com\/wp-content\/uploads\/2023\/04\/20200316220122Saglikbakanligi_logo-300x300.png 300w, https:\/\/www.dentbircanturkey.com\/wp-content\/uploads\/2023\/04\/20200316220122Saglikbakanligi_logo-150x150.png 150w, https:\/\/www.dentbircanturkey.com\/wp-content\/uploads\/2023\/04\/20200316220122Saglikbakanligi_logo-768x768.png 768w\" sizes=\"auto, (max-width: 900px) 100vw, 900px\" \/>\t\t\t\t\t\t\n\t\t\t\t\t<\/div>\n\t\t\t\t\t\t\t\t\n<style>\n#image_497749069 {\n  width: 60%;\n}\n@media (min-width:550px) {\n  #image_497749069 {\n    width: 50%;\n  }\n}\n<\/style>\n\t<\/div>\n\t\n\t\t<\/div>\n\t\t\t\t\t<\/div>\n\n\t\n\n\t<div id=\"col-2066763416\" class=\"col medium-6 small-6 large-6\"  data-animate=\"flipInY\">\n\t\t\t\t<div class=\"col-inner\"  >\n\t\t\t\n\t\t\t\n\t<div class=\"img has-hover x md-x lg-x y md-y lg-y\" id=\"image_921567587\">\n\t\t\t\t\t\t\t\t<div class=\"img-inner dark\" >\n\t\t\t<img loading=\"lazy\" decoding=\"async\" width=\"371\" height=\"380\" src=\"https:\/\/www.dentbircanturkey.com\/wp-content\/uploads\/2023\/04\/Screenshot_4-removebg-preview.png\" class=\"attachment-large size-large\" alt=\"\" srcset=\"https:\/\/www.dentbircanturkey.com\/wp-content\/uploads\/2023\/04\/Screenshot_4-removebg-preview.png 371w, https:\/\/www.dentbircanturkey.com\/wp-content\/uploads\/2023\/04\/Screenshot_4-removebg-preview-293x300.png 293w\" sizes=\"auto, (max-width: 371px) 100vw, 371px\" \/>\t\t\t\t\t\t\n\t\t\t\t\t<\/div>\n\t\t\t\t\t\t\t\t\n<style>\n#image_921567587 {\n  width: 60%;\n}\n@media (min-width:550px) {\n  #image_921567587 {\n    width: 52%;\n  }\n}\n<\/style>\n\t<\/div>\n\t\n\t\t<\/div>\n\t\t\t\t\t<\/div>\n\n\t\n<\/div>\n\t<div id=\"gap-254142333\" class=\"gap-element clearfix\" style=\"display:block; height:auto;\">\n\t\t\n<style>\n#gap-254142333 {\n  padding-top: 10px;\n}\n<\/style>\n\t<\/div>\n\t\n\t<div id=\"text-1308674157\" class=\"text\">\n\t\t\n<p>Narl\u0131, Mithatpa\u015fa Cd. No: 224\/A, 35320 Narl\u0131dere\/\u0130zmir<br \/>\n\t\t\n<style>\n#text-1308674157 {\n  text-align: center;\n  color: rgb(0,0,0);\n}\n#text-1308674157 > * {\n  color: rgb(0,0,0);\n}\n<\/style>\n\t<\/div>\n\t\n<a href=\"tel:+90%20552%20883%2055%2066\" target=\"_self\" class=\"button primary is-outline is-small\"  >\n  <i class=\"icon-phone\" aria-hidden=\"true\" ><\/i>  <span>Jetzt Anrufen<\/span>\n  <\/a>\n\n<a href=\"mailto:info@dentbircanturkey.com\" target=\"_self\" class=\"button primary is-outline is-small\"  >\n  <i class=\"icon-envelop\" aria-hidden=\"true\" ><\/i>  <span>E-Mail senden<\/span>\n  <\/a>\n\n\t\t<\/div>\n\t\t\t\t\t<\/div>\n\n\t\n\n\t<div id=\"col-962410152\" class=\"col medium-12 small-12 large-8\"  >\n\t\t\t\t<div class=\"col-inner\"  >\n\t\t\t\n\t\t\t\n<div class=\"row row-small\"  id=\"row-672943047\">\n\n\t<div id=\"col-783970560\" class=\"col medium-4 small-12 large-4\"  >\n\t\t\t\t<div class=\"col-inner\"  >\n\t\t\t\n\t\t\t\n\t<div id=\"text-188574446\" class=\"text\">\n\t\t\n<h4>Dienstleistungen<\/h4>\n<ul>\n<li class=\"bullet-arrow\"><span style=\"font-size: 90%;\"><a href=\"https:\/\/www.dentbircanturkey.com\/de\/dienstleistungen\/#dbleaching\">Bleichen<\/a><\/span><\/li>\n<li class=\"bullet-arrow\"><span style=\"font-size: 90%;\"><a href=\"https:\/\/www.dentbircanturkey.com\/de\/dienstleistungen\/#dimplant\">\u0130mplantierent<\/a><\/span><\/li>\n<li class=\"bullet-arrow\"><span style=\"font-size: 90%;\"><a href=\"https:\/\/www.dentbircanturkey.com\/de\/dienstleistungen\/#dendodonti\">Endodontie<\/a><\/span><\/li>\n<li class=\"bullet-arrow\"><span style=\"font-size: 90%;\"><a href=\"https:\/\/www.dentbircanturkey.com\/de\/dienstleistungen\/#dzirkonyum\">Zirkoniumbeschichtung<\/a><\/span><\/li>\n<li class=\"bullet-arrow\"><span style=\"font-size: 90%;\"><a href=\"https:\/\/www.dentbircanturkey.com\/de\/dienstleistungen\/#ddijital\">Digitale Zahnmedizin<\/a><\/span><\/li>\n<li class=\"bullet-arrow\"><span style=\"font-size: 90%;\"><a href=\"https:\/\/www.dentbircanturkey.com\/de\/dienstleistungen\/#dortodonti\">Kieferorthop\u00e4die<\/a><\/span><\/li>\n<li class=\"bullet-arrow\"><span style=\"font-size: 90%;\"><a href=\"https:\/\/www.dentbircanturkey.com\/de\/dienstleistungen\/#d\u00e7ene\">Maxillofaziale Chirurgie<\/a><\/span><\/li>\n<li class=\"bullet-arrow\"><span style=\"font-size: 90%;\"><a href=\"https:\/\/www.dentbircanturkey.com\/de\/dienstleistungen\/#dg\u00fcl\u00fc\u015f\">L\u00e4cheln-Design<\/a><\/span><\/li>\n<\/ul>\n\t\t\n<style>\n#text-188574446 {\n  color: rgb(0,0,0);\n}\n#text-188574446 > * {\n  color: rgb(0,0,0);\n}\n<\/style>\n\t<\/div>\n\t\n\t\t<\/div>\n\t\t\t\t\t<\/div>\n\n\t\n\n\t<div id=\"col-1272158561\" class=\"col medium-4 small-12 large-4\"  >\n\t\t\t\t<div class=\"col-inner\"  >\n\t\t\t\n\t\t\t\n\t<div id=\"text-512491571\" class=\"text\">\n\t\t\n<h4>Schnellmen\u00fc<\/h4>\n<ul>\n<li class=\"bullet-arrow\"><span style=\"font-size: 90%;\"><a href=\"https:\/\/www.dentbircanturkey.com\/de\/startseite\/\">Startseite<\/a><\/span><\/li>\n<li class=\"bullet-arrow\"><span style=\"font-size: 90%;\"><a href=\"https:\/\/www.dentbircanturkey.com\/de\/unsere-aerzte\/\">Unsere \u00c4rzte<\/a><\/span><\/li>\n<li class=\"bullet-arrow\"><span style=\"font-size: 90%;\"><a href=\"https:\/\/www.dentbircanturkey.com\/de\/dienstleistungen\/\">Dienstleistungen<\/a><\/span><\/li>\n<li class=\"bullet-arrow\"><span style=\"font-size: 90%;\"><a href=\"https:\/\/www.dentbircanturkey.com\/de\/entdecken-sie-izmir\/\">Entdecken Sie Izmir<\/a><\/span><\/li>\n<li class=\"bullet-arrow\"><span style=\"font-size: 90%;\"><a href=\"https:\/\/www.dentbircanturkey.com\/de\/roentgen-senden\/\">R\u00f6ntgen Senden<\/a><\/span><\/li>\n<li class=\"bullet-arrow\"><span style=\"font-size: 90%;\"><a href=\"https:\/\/www.dentbircanturkey.com\/de\/kontaktiere-uns\/\">Kontaktiere uns<\/a><\/span><\/li>\n<\/ul>\n\t\t\n<style>\n#text-512491571 {\n  color: rgb(0,0,0);\n}\n#text-512491571 > * {\n  color: rgb(0,0,0);\n}\n<\/style>\n\t<\/div>\n\t\n\t\t<\/div>\n\t\t\t\t\t<\/div>\n\n\t\n\n\t<div id=\"col-1692635163\" class=\"col medium-4 small-12 large-4\"  >\n\t\t\t\t<div class=\"col-inner\"  >\n\t\t\t\n\t\t\t\n\t<div id=\"text-276535655\" class=\"text\">\n\t\t\n<h4>Juristische Seiten<\/h4>\n<ul>\n<li class=\"bullet-arrow\"><span style=\"font-size: 90%;\"><a class=\"row-title\" href=\"https:\/\/www.dentbircanturkey.com\/de\/beleuchtungstext\/\" aria-label=\"\u201cBeleuchtungstext\u201d (D\u00fczenle)\">Beleuchtungstext<\/a><\/span><\/li>\n<li class=\"bullet-arrow\"><span style=\"font-size: 90%;\"><a href=\"https:\/\/www.dentbircanturkey.com\/de\/verarbeitung-und-schutz-personenbezogener-daten\/\">Verarbeitung und Schutz personenbezogener Daten<\/a><\/span><\/li>\n<li class=\"bullet-arrow\"><span style=\"font-size: 90%;\"><a href=\"https:\/\/www.dentbircanturkey.com\/de\/aufbewahrung-und-entsorgung-personenbezogener-daten\/\">Aufbewahrung und Entsorgung personenbezogener Daten<\/a><\/span><\/li>\n<li class=\"bullet-arrow\"><a href=\"https:\/\/www.dentbircanturkey.com\/de\/datenschutz-und-cookie-richtlinie\/\"><span style=\"font-size: 90%;\">Datenschutz- und Cookie-Richtlinie<\/span><\/a><\/li>\n<li class=\"bullet-arrow\"><span style=\"font-size: 90%;\"><a class=\"row-title\" href=\"https:\/\/www.dentbircanturkey.com\/de\/anmeldeformular\/\" aria-label=\"\u201cAnmeldeformular\u201d (D\u00fczenle)\">Anmeldeformular<\/a><\/span><\/li>\n<\/ul>\n\t\t\n<style>\n#text-276535655 {\n  color: rgb(0,0,0);\n}\n#text-276535655 > * {\n  color: rgb(0,0,0);\n}\n<\/style>\n\t<\/div>\n\t\n\t\t<\/div>\n\t\t\t\t\t<\/div>\n\n\t\n<\/div>\n\t\t<\/div>\n\t\t\t\t\t<\/div>\n\n\t\n<\/div>\n<div class=\"row\"  id=\"row-1077493596\">\n\n\t<div id=\"col-1304977168\" class=\"col small-12 large-12\"  >\n\t\t\t\t<div class=\"col-inner\"  >\n\t\t\t\n\t\t\t\n<p style=\"text-align: center;\"><span style=\"font-size: 75%; color: #000000;\">Alle Rechte vorbehalten. | <a href=\"https:\/\/www.webreta.com.tr\/\"><img loading=\"lazy\" decoding=\"async\" class=\"alignnone wp-image-358\" src=\"https:\/\/www.dentbircanturkey.com\/wp-content\/uploads\/2023\/04\/Calisma-Yuzeyi-1-kopya-19-300x199.png\" alt=\"\" width=\"76\" height=\"50\" srcset=\"https:\/\/www.dentbircanturkey.com\/wp-content\/uploads\/2023\/04\/Calisma-Yuzeyi-1-kopya-19-300x199.png 300w, https:\/\/www.dentbircanturkey.com\/wp-content\/uploads\/2023\/04\/Calisma-Yuzeyi-1-kopya-19.png 364w\" sizes=\"auto, (max-width: 76px) 100vw, 76px\" \/><\/a>&#8211; <a href=\"https:\/\/www.team35medyaajansi.com\/\"><img loading=\"lazy\" decoding=\"async\" class=\"alignnone wp-image-357\" src=\"https:\/\/www.dentbircanturkey.com\/wp-content\/uploads\/2023\/04\/YaziLogo-300x72.png\" alt=\"\" width=\"59\" height=\"14\" srcset=\"https:\/\/www.dentbircanturkey.com\/wp-content\/uploads\/2023\/04\/YaziLogo-300x72.png 300w, https:\/\/www.dentbircanturkey.com\/wp-content\/uploads\/2023\/04\/YaziLogo.png 720w\" sizes=\"auto, (max-width: 59px) 100vw, 59px\" \/><\/a><br \/><\/span><\/p>\n\t\t<\/div>\n\t\t\t\t\t<\/div>\n\n\t\n<\/div>\n\t\t<\/div>\n\n\t\t\n<style>\n#section_1077170716 {\n  padding-top: 0px;\n  padding-bottom: 0px;\n  background-color: rgb(255, 255, 255);\n}\n#section_1077170716 .ux-shape-divider--top svg {\n  height: 150px;\n  --divider-top-width: 100%;\n}\n#section_1077170716 .ux-shape-divider--bottom svg {\n  height: 150px;\n  --divider-width: 100%;\n}\n@media (min-width:550px) {\n  #section_1077170716 {\n    padding-top: 0px;\n    padding-bottom: 0px;\n  }\n}\n<\/style>\n\t<\/section>\n\t\n","protected":false},"excerpt":{"rendered":"","protected":false},"author":1,"featured_media":0,"parent":0,"menu_order":0,"comment_status":"closed","ping_status":"closed","template":"page-blank.php","meta":{"footnotes":""},"class_list":["post-742","page","type-page","status-publish","hentry"],"_links":{"self":[{"href":"https:\/\/www.dentbircanturkey.com\/index.php?rest_route=\/wp\/v2\/pages\/742","targetHints":{"allow":["GET"]}}],"collection":[{"href":"https:\/\/www.dentbircanturkey.com\/index.php?rest_route=\/wp\/v2\/pages"}],"about":[{"href":"https:\/\/www.dentbircanturkey.com\/index.php?rest_route=\/wp\/v2\/types\/page"}],"author":[{"embeddable":true,"href":"https:\/\/www.dentbircanturkey.com\/index.php?rest_route=\/wp\/v2\/users\/1"}],"replies":[{"embeddable":true,"href":"https:\/\/www.dentbircanturkey.com\/index.php?rest_route=%2Fwp%2Fv2%2Fcomments&post=742"}],"version-history":[{"count":9,"href":"https:\/\/www.dentbircanturkey.com\/index.php?rest_route=\/wp\/v2\/pages\/742\/revisions"}],"predecessor-version":[{"id":1513,"href":"https:\/\/www.dentbircanturkey.com\/index.php?rest_route=\/wp\/v2\/pages\/742\/revisions\/1513"}],"wp:attachment":[{"href":"https:\/\/www.dentbircanturkey.com\/index.php?rest_route=%2Fwp%2Fv2%2Fmedia&parent=742"}],"curies":[{"name":"wp","href":"https:\/\/api.w.org\/{rel}","templated":true}]}}